{"id":14971,"date":"2014-01-14T03:30:26","date_gmt":"2014-01-14T08:30:26","guid":{"rendered":"http:\/\/www.mascoutech.com\/?page_id=14971"},"modified":"2025-12-04T14:31:19","modified_gmt":"2025-12-04T19:31:19","slug":"loxeal","status":"publish","type":"page","link":"https:\/\/www.mascoutech.com\/en\/loxeal\/","title":{"rendered":"Loxeal"},"content":{"rendered":"<p>[et_pb_section fb_built=&#8221;1&#8243; fullwidth=&#8221;on&#8221; _builder_version=&#8221;4.23.1&#8243; top_divider_style=&#8221;wave2&#8243; top_divider_color=&#8221;rgba(33,33,33,0.81)&#8221; global_colors_info=&#8221;{}&#8221;][et_pb_fullwidth_header title=&#8221;Engineering Adhesives&#8221; button_two_text=&#8221;MSDS&#8221; button_two_url=&#8221;https:\/\/www.mascoutech.com\/en\/msds\/&#8221; logo_image_url=&#8221;https:\/\/www.mascoutech.com\/wp-content\/uploads\/2019\/10\/Loxeal-1.jpg&#8221; header_image_url=&#8221;https:\/\/www.mascoutech.com\/wp-content\/uploads\/2019\/10\/banniere-page-Loxeal-2019_72dpi-e1678213124229.jpg&#8221; _builder_version=&#8221;4.27.0&#8243; title_text_color=&#8221;#000000&#8243; title_line_height=&#8221;3em&#8221; background_color=&#8221;#ffffff&#8221; custom_button_one=&#8221;on&#8221; button_one_text_color=&#8221;#000000&#8243; button_one_bg_use_color_gradient=&#8221;on&#8221; button_one_bg_color_gradient_stops=&#8221;rgba(179,179,179,0.85) 0%|#ffffff 100%&#8221; button_one_bg_color_gradient_start=&#8221;rgba(179,179,179,0.85)&#8221; button_one_bg_color_gradient_end=&#8221;#ffffff&#8221; button_one_border_width=&#8221;0px&#8221; button_one_border_color=&#8221;rgba(0,0,0,0)&#8221; button_one_icon=&#8221;&#xe086;||divi||400&#8243; button_one_icon_color=&#8221;#000000&#8243; button_one_on_hover=&#8221;off&#8221; custom_button_two=&#8221;on&#8221; button_two_text_color=&#8221;#000000&#8243; button_two_bg_use_color_gradient=&#8221;on&#8221; button_two_bg_color_gradient_stops=&#8221;rgba(179,179,179,0.85) 0%|#ffffff 100%&#8221; button_two_bg_color_gradient_start=&#8221;rgba(179,179,179,0.85)&#8221; button_two_bg_color_gradient_end=&#8221;#ffffff&#8221; button_two_border_width=&#8221;0px&#8221; button_two_icon=&#8221;&#x62;||divi||400&#8243; button_two_icon_color=&#8221;#000000&#8243; button_two_on_hover=&#8221;off&#8221; custom_padding=&#8221;82px||2px|||&#8221; hover_enabled=&#8221;0&#8243; box_shadow_style_button_one=&#8221;preset2&#8243; box_shadow_style_button_two=&#8221;preset2&#8243; global_colors_info=&#8221;{}&#8221; sticky_enabled=&#8221;0&#8243;]<\/p>\n<p><a href=\"https:\/\/www.mascoutech.com\/wp-content\/uploads\/2022\/11\/2022_11_Catalogue-Loxeal_Ang_LOW.pdf\"><img data-recalc-dims=\"1\" loading=\"lazy\" decoding=\"async\" src=\"https:\/\/i0.wp.com\/www.mascoutech.com\/wp-content\/uploads\/2022\/11\/2022_11_Catalogue-Loxeal_Ang-1.jpg?resize=232%2C300&#038;ssl=1\" width=\"232\" height=\"300\" alt=\"\" class=\"wp-image-43467 alignnone size-medium\" \/><\/a><\/p>\n<p>[\/et_pb_fullwidth_header][\/et_pb_section][et_pb_section fb_built=&#8221;1&#8243; custom_padding_last_edited=&#8221;on|desktop&#8221; admin_label=&#8221;section&#8221; _builder_version=&#8221;4.16&#8243; background_color=&#8221;#ffffff&#8221; min_height=&#8221;265px&#8221; custom_padding=&#8221;||0px|||&#8221; custom_padding_tablet=&#8221;50px|0|50px|0&#8243; custom_padding_phone=&#8221;&#8221; custom_css_main_element=&#8221;border-bottom: 1px solid #D7DCE1;&#8221; transparent_background=&#8221;off&#8221; padding_mobile=&#8221;off&#8221; make_fullwidth=&#8221;off&#8221; use_custom_width=&#8221;off&#8221; width_unit=&#8221;on&#8221; global_colors_info=&#8221;{}&#8221;][et_pb_row _builder_version=&#8221;4.16&#8243; background_size=&#8221;initial&#8221; background_position=&#8221;top_left&#8221; background_repeat=&#8221;repeat&#8221; min_height=&#8221;170px&#8221; custom_padding=&#8221;7px||0px|||&#8221; global_colors_info=&#8221;{}&#8221;][et_pb_column type=&#8221;4_4&#8243; _builder_version=&#8221;4.16&#8243; custom_padding=&#8221;|||&#8221; global_colors_info=&#8221;{}&#8221; custom_padding__hover=&#8221;|||&#8221;][et_pb_text _builder_version=&#8221;4.27.4&#8243; text_text_color=&#8221;#000000&#8243; background_size=&#8221;initial&#8221; background_position=&#8221;top_left&#8221; background_repeat=&#8221;repeat&#8221; text_orientation=&#8221;justified&#8221; hover_enabled=&#8221;0&#8243; use_border_color=&#8221;off&#8221; border_color=&#8221;#ffffff&#8221; border_style=&#8221;solid&#8221; global_colors_info=&#8221;{}&#8221; sticky_enabled=&#8221;0&#8243;]<\/p>\n<div class=\"wf-cell wf-span-3 wpb_column column_container \">\n<div class=\"wpb_text_column wpb_content_element \">\n<div class=\"wpb_wrapper\">\n<p><strong>Loxeal<\/strong> is the second world producer of anaerobic\u00a0adhesives and cyanoacrylates such as thread sealing and thread locking, liquid gasketing, retaining, epoxy and acrylic resin, instant cyanoacrylate adhesives, activators and primers and silicone greases. A permanent innovation, technologies adapted to your applications, specialists at your disposal, here is some of the reasons for which you can rely on\u00a0<strong>Loxeal<\/strong> products.<\/p>\n<p>&nbsp;<\/p>\n<\/div>\n<\/div>\n<div class=\"gap\">\u00a0<\/div>\n<\/div>\n<div class=\"wf-cell wf-span-3 wpb_column column_container \">\n<div class=\"wpb_text_column wpb_content_element \">\n<div class=\"wpb_wrapper\"><strong>Loxeal<\/strong> formulate, makes and distributes several ranges of acrylic adhesives used daily in the aeronautical, automotive, rail and nautical sectors.<\/div>\n<div>\u00a0<\/div>\n<\/div>\n<\/div>\n<div><a href=\"https:\/\/www.mascoutech.com\/wp-content\/uploads\/2025\/12\/Tableau-Loctite-vs-Loxeal-0215.pdf\"><strong>Reference sheet<\/strong><\/a><\/div>\n<p>[\/et_pb_text][\/et_pb_column][\/et_pb_row][\/et_pb_section][et_pb_section fb_built=&#8221;1&#8243; _builder_version=&#8221;4.23.1&#8243; _module_preset=&#8221;default&#8221; custom_margin=&#8221;-10px|||||&#8221; custom_padding=&#8221;0px||172px|||&#8221; bottom_divider_style=&#8221;wave&#8221; bottom_divider_color=&#8221;#232323&#8243; global_colors_info=&#8221;{}&#8221;][et_pb_row column_structure=&#8221;1_4,1_4,1_4,1_4&#8243; _builder_version=&#8221;4.19.1&#8243; _module_preset=&#8221;default&#8221; global_colors_info=&#8221;{}&#8221;][et_pb_column type=&#8221;1_4&#8243; _builder_version=&#8221;4.19.1&#8243; _module_preset=&#8221;default&#8221; global_colors_info=&#8221;{}&#8221;][et_pb_image src=&#8221;https:\/\/www.mascoutech.com\/wp-content\/uploads\/2022\/11\/Metalox_eng-scaled-e1678215646856.jpg&#8221; title_text=&#8221;Metalox_eng&#8221; url=&#8221;https:\/\/www.mascoutech.com\/wp-content\/uploads\/2022\/11\/Metalox_eng.pdf&#8221; admin_label=&#8221;Metalox&#8221; _builder_version=&#8221;4.20.1&#8243; _module_preset=&#8221;default&#8221; global_colors_info=&#8221;{}&#8221;][\/et_pb_image][\/et_pb_column][et_pb_column type=&#8221;1_4&#8243; _builder_version=&#8221;4.19.1&#8243; _module_preset=&#8221;default&#8221; global_colors_info=&#8221;{}&#8221;][et_pb_image src=&#8221;https:\/\/www.mascoutech.com\/wp-content\/uploads\/2022\/11\/Superlox_eng-scaled-e1678215710971.jpg&#8221; title_text=&#8221;Superlox_eng&#8221; url=&#8221;https:\/\/www.mascoutech.com\/wp-content\/uploads\/2022\/11\/Superlox_eng.pdf&#8221; admin_label=&#8221;Superlox&#8221; _builder_version=&#8221;4.20.1&#8243; _module_preset=&#8221;default&#8221; global_colors_info=&#8221;{}&#8221;][\/et_pb_image][\/et_pb_column][et_pb_column type=&#8221;1_4&#8243; _builder_version=&#8221;4.19.1&#8243; _module_preset=&#8221;default&#8221; global_colors_info=&#8221;{}&#8221;][et_pb_image src=&#8221;https:\/\/www.mascoutech.com\/wp-content\/uploads\/2023\/03\/Flyer_-Loxeal_-ANG_sans-prix-1-240&#215;300.jpg&#8221; title_text=&#8221;Flyer_ Loxeal_ ANG_sans prix-1&#8243; url=&#8221;https:\/\/www.mascoutech.com\/wp-content\/uploads\/2023\/03\/Flyer_-Loxeal_-ANG_sans-prix.pdf&#8221; admin_label=&#8221;flyer loxeal sp&#8221; _builder_version=&#8221;4.27.4&#8243; _module_preset=&#8221;default&#8221; hover_enabled=&#8221;0&#8243; global_colors_info=&#8221;{}&#8221; sticky_enabled=&#8221;0&#8243;][\/et_pb_image][\/et_pb_column][et_pb_column type=&#8221;1_4&#8243; _builder_version=&#8221;4.19.1&#8243; _module_preset=&#8221;default&#8221; global_colors_info=&#8221;{}&#8221;][et_pb_image src=&#8221;https:\/\/www.mascoutech.com\/wp-content\/uploads\/2024\/01\/Products-international-compliance-and-approvals-scaled.jpg&#8221; title_text=&#8221;Products international compliance and approvals&#8221; url=&#8221;https:\/\/www.mascoutech.com\/wp-content\/uploads\/2024\/01\/Products-international-compliance-and-approvals.pdf&#8221; admin_label=&#8221;flyer loxeal sp&#8221; _builder_version=&#8221;4.27.4&#8243; _module_preset=&#8221;default&#8221; hover_enabled=&#8221;0&#8243; global_colors_info=&#8221;{}&#8221; sticky_enabled=&#8221;0&#8243;][\/et_pb_image][\/et_pb_column][\/et_pb_row][\/et_pb_section]<\/p>\n","protected":false},"excerpt":{"rendered":"<p>Loxeal is the second world producer of anaerobic\u00a0adhesives and cyanoacrylates such as thread sealing and thread locking, liquid gasketing, retaining, epoxy and acrylic resin, instant cyanoacrylate adhesives, activators and primers and silicone greases. A permanent innovation, technologies adapted to your applications, specialists at your disposal, here is some of the reasons for which you can [&hellip;]<\/p>\n","protected":false},"author":2,"featured_media":0,"parent":0,"menu_order":0,"comment_status":"closed","ping_status":"closed","template":"","meta":{"_et_pb_use_builder":"on","_et_pb_old_content":"<p>[vc_row][vc_column width=\"1\/1\"][vc_single_image image=\"13963\" img_link_target=\"_self\" img_size=\"full\"][dt_gap height=\"30\"][\/vc_column][\/vc_row][vc_row][vc_column width=\"1\/4\"][vc_column_text]<\/p><p style=\"text-align: justify;\"><strong>Loxeal<\/strong>\u00a0est le second producteur mondial d'adh\u00e9sifs ana\u00e9robies & cyanoacrylates tels \u00e9tanch\u00e9it\u00e9 de filets, freinage, joint d'\u00e9tanch\u00e9it\u00e9 liquide, fixation, adh\u00e9sifs instantan\u00e9s, etc.\u00a0Une innovation permanente, des technologies adapt\u00e9es \u00e0 vos applications, des sp\u00e9cialistes \u00e0 votre disposition, voil\u00e0 quelques unes des raisons\u00a0pour lesquelles vous pouvez faire confiance aux produits <strong>Loxeal<\/strong>.<\/p><p>[\/vc_column_text][\/vc_column][vc_column width=\"1\/4\"][vc_column_text]<strong>Loxeal<\/strong>\u00a0formule, fabrique et distribue plusieurs gammes d\u2019adh\u00e9sifs acryliques utilis\u00e9s quotidiennement dans les secteurs a\u00e9ronautique, automobile,\u00a0ferroviaire et nautique.[\/vc_column_text][dt_gap height=\"20\"][dt_button target_blank=\"true\" size=\"medium\" animation=\"none\" link=\"http:\/\/www.mascoutech.com\/wp-content\/uploads\/2015\/02\/Loxeal-Catalogue-_-0408-_-FR.pdf\"]Catalogue complet[\/dt_button][dt_gap height=\"10\"][dt_button target_blank=\"false\" size=\"medium\" animation=\"none\" link=\"http:\/\/www.mascoutech.com\/fiches-signaletiques\/#tab-1391002927-2-75\"]Fiches signal\u00e9tiques[\/dt_button][dt_gap height=\"30\"][\/vc_column][vc_column width=\"1\/2\"][vc_single_image image=\"16893\" img_link_target=\"_self\" img_size=\"full\"][dt_gap height=\"30\"][\/vc_column][\/vc_row][vc_row][vc_column][vc_tour style=\"tab-style-one\"][vc_tab title=\"Activateurs d'appr\u00eats\" tab_id=\"1391110925-1-94\"][vc_single_image image=\"16353\" img_link_target=\"_self\" img_size=\"full\"][dt_gap height=\"10\"][dt_button target_blank=\"true\" size=\"medium\" animation=\"none\" link=\"http:\/\/www.mascoutech.com\/wp-content\/uploads\/2014\/02\/Loxeal-Activateurs-dapprets.pdf\"]Consulter[\/dt_button][\/vc_tab][vc_tab title=\"Colles cyanoacrylates\" tab_id=\"1391110925-2-9\"][vc_single_image image=\"16355\" img_link_target=\"_self\" img_size=\"full\"][dt_gap height=\"10\"][dt_button target_blank=\"true\" size=\"medium\" animation=\"none\" link=\"http:\/\/www.mascoutech.com\/wp-content\/uploads\/2014\/02\/Loxeal-Colles-cyanoacrylates.pdf\"]Consulter[\/dt_button][\/vc_tab][vc_tab title=\"\u00c9tanch\u00e9it\u00e9 des filets\" tab_id=\"1391110971350-2-0\"][vc_single_image image=\"16188\" img_link_target=\"_self\" img_size=\"full\"][dt_gap height=\"10\"][dt_button target_blank=\"true\" size=\"medium\" animation=\"none\" link=\"http:\/\/www.mascoutech.com\/wp-content\/uploads\/2014\/02\/Loxeal-Etancheite-des-filets.pdf\"]Consulter[\/dt_button][\/vc_tab][vc_tab title=\"Fixation\" tab_id=\"1391111020230-6-9\"][vc_single_image image=\"16186\" img_link_target=\"_self\" img_size=\"full\"][dt_gap height=\"10\"][dt_button target_blank=\"true\" size=\"medium\" animation=\"none\" link=\"http:\/\/www.mascoutech.com\/wp-content\/uploads\/2014\/02\/Loxeal-Fixation.pdf\"]Consulter[\/dt_button][\/vc_tab][vc_tab title=\"Freinage des filets\" tab_id=\"1391110987227-3-8\"][vc_single_image image=\"16190\" img_link_target=\"_self\" img_size=\"full\"][dt_gap height=\"10\"][dt_button target_blank=\"true\" size=\"medium\" animation=\"none\" link=\"http:\/\/www.mascoutech.com\/wp-content\/uploads\/2014\/02\/Loxeal-Freinage-des-filets.pdf\"]Consulter[\/dt_button][\/vc_tab][vc_tab title=\"Graisses silicone\" tab_id=\"1391110996970-4-2\"][vc_single_image image=\"16859\" img_link_target=\"_self\" img_size=\"full\"][dt_gap height=\"10\"][dt_button target_blank=\"true\" size=\"medium\" animation=\"none\" link=\"http:\/\/www.mascoutech.com\/wp-content\/uploads\/2014\/02\/Loxeal-Graisse-silicone.pdf\"]Consulter[\/dt_button][\/vc_tab][vc_tab title=\"Joint d'\u00e9tanch\u00e9it\u00e9 liquide\" tab_id=\"1391111006996-5-9\"][vc_single_image image=\"16192\" img_link_target=\"_self\" img_size=\"full\"][dt_gap height=\"10\"][dt_button target_blank=\"true\" size=\"medium\" animation=\"none\" link=\"http:\/\/www.mascoutech.com\/wp-content\/uploads\/2014\/02\/Loxeal-Joint-detancheite-liquide.pdf\"]Consulter[\/dt_button][\/vc_tab][vc_tab title=\"R\u00e9sine acrylique\" tab_id=\"1391111032878-7-3\"][vc_single_image image=\"16890\" img_link_target=\"_self\" img_size=\"full\"][dt_gap height=\"10\"][dt_button target_blank=\"true\" size=\"medium\" animation=\"none\" link=\"http:\/\/www.mascoutech.com\/wp-content\/uploads\/2014\/02\/Loxeal-Resine-acrylique.pdf\"]Consulter[\/dt_button][\/vc_tab][vc_tab title=\"R\u00e9sine \u00e9poxyde\" tab_id=\"1391111052779-8-7\"][vc_single_image image=\"16195\" img_link_target=\"_self\" img_size=\"full\"][dt_gap height=\"10\"][dt_button target_blank=\"true\" size=\"medium\" animation=\"none\" link=\"http:\/\/www.mascoutech.com\/wp-content\/uploads\/2014\/02\/Loxeal-Resine-epoxyde.pdf\"]Consulter[\/dt_button][\/vc_tab][vc_tab title=\"Interchange Loctite\" tab_id=\"1425045290466-9-8\"][dt_gap height=\"10\"][dt_button link=\"http:\/\/www.mascoutech.com\/wp-content\/uploads\/2015\/02\/Tableau-Loctite-vs-Loxeal-0215.pdf\" target_blank=\"true\" size=\"medium\" animation=\"none\"]Consulter[\/dt_button][\/vc_tab][\/vc_tour][dt_gap height=\"30\"][\/vc_column][\/vc_row][vc_row][vc_column width=\"1\/6\"][\/vc_column][vc_column width=\"1\/6\"][vc_single_image image=\"16202\" img_link_target=\"_self\" img_size=\"full\"][\/vc_column][vc_column width=\"1\/6\"][vc_single_image image=\"16203\" img_link_target=\"_self\" img_size=\"full\"][\/vc_column][vc_column width=\"1\/6\"][vc_single_image image=\"16201\" img_link_target=\"_self\" img_size=\"full\"][\/vc_column][vc_column width=\"1\/6\"][vc_single_image image=\"16204\" img_link_target=\"_self\" img_size=\"full\"][\/vc_column][vc_column width=\"1\/6\"][vc_single_image image=\"16199\" img_link_target=\"_self\" img_size=\"full\"][\/vc_column][\/vc_row]<\/p>","_et_gb_content_width":"","footnotes":""},"class_list":["post-14971","page","type-page","status-publish","hentry"],"yoast_head":"<!-- This site is optimized with the Yoast SEO plugin v27.5 - https:\/\/yoast.com\/product\/yoast-seo-wordpress\/ -->\n<title>Loxeal - Mascoutech<\/title>\n<meta name=\"description\" content=\"Loxeal est le second producteur mondial d&#039;adh\u00e9sifs ana\u00e9robies cyanoacrylates tels \u00e9tanch\u00e9it\u00e9 de filets, freinage, joint d&#039;\u00e9tanch\u00e9it\u00e9 liquide, fixation, adh\u00e9sifs instantan\u00e9s, etc.\" \/>\n<meta name=\"robots\" content=\"index, follow, max-snippet:-1, max-image-preview:large, max-video-preview:-1\" \/>\n<link rel=\"canonical\" href=\"https:\/\/www.mascoutech.com\/en\/loxeal\/\" \/>\n<meta property=\"og:locale\" content=\"en_US\" \/>\n<meta property=\"og:type\" content=\"article\" \/>\n<meta property=\"og:title\" content=\"Loxeal - Mascoutech\" \/>\n<meta property=\"og:description\" content=\"Loxeal est le second producteur mondial d&#039;adh\u00e9sifs ana\u00e9robies cyanoacrylates tels \u00e9tanch\u00e9it\u00e9 de filets, freinage, joint d&#039;\u00e9tanch\u00e9it\u00e9 liquide, fixation, adh\u00e9sifs instantan\u00e9s, etc.\" \/>\n<meta property=\"og:url\" content=\"https:\/\/www.mascoutech.com\/en\/loxeal\/\" \/>\n<meta property=\"og:site_name\" content=\"Mascoutech\" \/>\n<meta property=\"article:publisher\" content=\"https:\/\/fr-ca.facebook.com\/Mascoutech-Inc-101171461655\/\" \/>\n<meta property=\"article:modified_time\" content=\"2025-12-04T19:31:19+00:00\" \/>\n<meta property=\"og:image\" content=\"https:\/\/www.mascoutech.com\/wp-content\/uploads\/2022\/11\/2022_11_Catalogue-Loxeal_Ang-1-232x300.jpg\" \/>\n<meta name=\"twitter:label1\" content=\"Est. reading time\" \/>\n\t<meta name=\"twitter:data1\" content=\"2 minutes\" \/>\n<script type=\"application\/ld+json\" class=\"yoast-schema-graph\">{\"@context\":\"https:\\\/\\\/schema.org\",\"@graph\":[{\"@type\":\"WebPage\",\"@id\":\"https:\\\/\\\/www.mascoutech.com\\\/en\\\/loxeal\\\/\",\"url\":\"https:\\\/\\\/www.mascoutech.com\\\/en\\\/loxeal\\\/\",\"name\":\"Loxeal - Mascoutech\",\"isPartOf\":{\"@id\":\"https:\\\/\\\/www.mascoutech.com\\\/en\\\/#website\"},\"primaryImageOfPage\":{\"@id\":\"https:\\\/\\\/www.mascoutech.com\\\/en\\\/loxeal\\\/#primaryimage\"},\"image\":{\"@id\":\"https:\\\/\\\/www.mascoutech.com\\\/en\\\/loxeal\\\/#primaryimage\"},\"thumbnailUrl\":\"https:\\\/\\\/www.mascoutech.com\\\/wp-content\\\/uploads\\\/2022\\\/11\\\/2022_11_Catalogue-Loxeal_Ang-1-232x300.jpg\",\"datePublished\":\"2014-01-14T08:30:26+00:00\",\"dateModified\":\"2025-12-04T19:31:19+00:00\",\"description\":\"Loxeal est le second producteur mondial d'adh\u00e9sifs ana\u00e9robies cyanoacrylates tels \u00e9tanch\u00e9it\u00e9 de filets, freinage, joint d'\u00e9tanch\u00e9it\u00e9 liquide, fixation, adh\u00e9sifs instantan\u00e9s, etc.\",\"breadcrumb\":{\"@id\":\"https:\\\/\\\/www.mascoutech.com\\\/en\\\/loxeal\\\/#breadcrumb\"},\"inLanguage\":\"en-US\",\"potentialAction\":[{\"@type\":\"ReadAction\",\"target\":[\"https:\\\/\\\/www.mascoutech.com\\\/en\\\/loxeal\\\/\"]}]},{\"@type\":\"ImageObject\",\"inLanguage\":\"en-US\",\"@id\":\"https:\\\/\\\/www.mascoutech.com\\\/en\\\/loxeal\\\/#primaryimage\",\"url\":\"https:\\\/\\\/www.mascoutech.com\\\/wp-content\\\/uploads\\\/2022\\\/11\\\/2022_11_Catalogue-Loxeal_Ang-1-232x300.jpg\",\"contentUrl\":\"https:\\\/\\\/www.mascoutech.com\\\/wp-content\\\/uploads\\\/2022\\\/11\\\/2022_11_Catalogue-Loxeal_Ang-1-232x300.jpg\"},{\"@type\":\"BreadcrumbList\",\"@id\":\"https:\\\/\\\/www.mascoutech.com\\\/en\\\/loxeal\\\/#breadcrumb\",\"itemListElement\":[{\"@type\":\"ListItem\",\"position\":1,\"name\":\"Accueil\",\"item\":\"https:\\\/\\\/www.mascoutech.com\\\/en\\\/\"},{\"@type\":\"ListItem\",\"position\":2,\"name\":\"Loxeal\"}]},{\"@type\":\"WebSite\",\"@id\":\"https:\\\/\\\/www.mascoutech.com\\\/en\\\/#website\",\"url\":\"https:\\\/\\\/www.mascoutech.com\\\/en\\\/\",\"name\":\"Mascoutech\",\"description\":\"Tool wholesaler\",\"publisher\":{\"@id\":\"https:\\\/\\\/www.mascoutech.com\\\/en\\\/#organization\"},\"potentialAction\":[{\"@type\":\"SearchAction\",\"target\":{\"@type\":\"EntryPoint\",\"urlTemplate\":\"https:\\\/\\\/www.mascoutech.com\\\/en\\\/?s={search_term_string}\"},\"query-input\":{\"@type\":\"PropertyValueSpecification\",\"valueRequired\":true,\"valueName\":\"search_term_string\"}}],\"inLanguage\":\"en-US\"},{\"@type\":\"Organization\",\"@id\":\"https:\\\/\\\/www.mascoutech.com\\\/en\\\/#organization\",\"name\":\"Mascoutech inc.\",\"url\":\"https:\\\/\\\/www.mascoutech.com\\\/en\\\/\",\"logo\":{\"@type\":\"ImageObject\",\"inLanguage\":\"en-US\",\"@id\":\"https:\\\/\\\/www.mascoutech.com\\\/en\\\/#\\\/schema\\\/logo\\\/image\\\/\",\"url\":\"https:\\\/\\\/i0.wp.com\\\/www.mascoutech.com\\\/wp-content\\\/uploads\\\/2020\\\/01\\\/cropped-icone-du-site.jpg?fit=512%2C512&ssl=1\",\"contentUrl\":\"https:\\\/\\\/i0.wp.com\\\/www.mascoutech.com\\\/wp-content\\\/uploads\\\/2020\\\/01\\\/cropped-icone-du-site.jpg?fit=512%2C512&ssl=1\",\"width\":512,\"height\":512,\"caption\":\"Mascoutech inc.\"},\"image\":{\"@id\":\"https:\\\/\\\/www.mascoutech.com\\\/en\\\/#\\\/schema\\\/logo\\\/image\\\/\"},\"sameAs\":[\"https:\\\/\\\/fr-ca.facebook.com\\\/Mascoutech-Inc-101171461655\\\/\",\"https:\\\/\\\/www.instagram.com\\\/mascoutech\\\/\",\"https:\\\/\\\/www.linkedin.com\\\/company\\\/mascoutech-inc-\",\"https:\\\/\\\/www.youtube.com\\\/channel\\\/UCi9wD4ra5EONlmVkNDKo9Aw\"]}]}<\/script>\n<!-- \/ Yoast SEO plugin. -->","yoast_head_json":{"title":"Loxeal - Mascoutech","description":"Loxeal est le second producteur mondial d'adh\u00e9sifs ana\u00e9robies cyanoacrylates tels \u00e9tanch\u00e9it\u00e9 de filets, freinage, joint d'\u00e9tanch\u00e9it\u00e9 liquide, fixation, adh\u00e9sifs instantan\u00e9s, etc.","robots":{"index":"index","follow":"follow","max-snippet":"max-snippet:-1","max-image-preview":"max-image-preview:large","max-video-preview":"max-video-preview:-1"},"canonical":"https:\/\/www.mascoutech.com\/en\/loxeal\/","og_locale":"en_US","og_type":"article","og_title":"Loxeal - Mascoutech","og_description":"Loxeal est le second producteur mondial d'adh\u00e9sifs ana\u00e9robies cyanoacrylates tels \u00e9tanch\u00e9it\u00e9 de filets, freinage, joint d'\u00e9tanch\u00e9it\u00e9 liquide, fixation, adh\u00e9sifs instantan\u00e9s, etc.","og_url":"https:\/\/www.mascoutech.com\/en\/loxeal\/","og_site_name":"Mascoutech","article_publisher":"https:\/\/fr-ca.facebook.com\/Mascoutech-Inc-101171461655\/","article_modified_time":"2025-12-04T19:31:19+00:00","og_image":[{"url":"https:\/\/www.mascoutech.com\/wp-content\/uploads\/2022\/11\/2022_11_Catalogue-Loxeal_Ang-1-232x300.jpg","type":"","width":"","height":""}],"twitter_misc":{"Est. reading time":"2 minutes"},"schema":{"@context":"https:\/\/schema.org","@graph":[{"@type":"WebPage","@id":"https:\/\/www.mascoutech.com\/en\/loxeal\/","url":"https:\/\/www.mascoutech.com\/en\/loxeal\/","name":"Loxeal - Mascoutech","isPartOf":{"@id":"https:\/\/www.mascoutech.com\/en\/#website"},"primaryImageOfPage":{"@id":"https:\/\/www.mascoutech.com\/en\/loxeal\/#primaryimage"},"image":{"@id":"https:\/\/www.mascoutech.com\/en\/loxeal\/#primaryimage"},"thumbnailUrl":"https:\/\/www.mascoutech.com\/wp-content\/uploads\/2022\/11\/2022_11_Catalogue-Loxeal_Ang-1-232x300.jpg","datePublished":"2014-01-14T08:30:26+00:00","dateModified":"2025-12-04T19:31:19+00:00","description":"Loxeal est le second producteur mondial d'adh\u00e9sifs ana\u00e9robies cyanoacrylates tels \u00e9tanch\u00e9it\u00e9 de filets, freinage, joint d'\u00e9tanch\u00e9it\u00e9 liquide, fixation, adh\u00e9sifs instantan\u00e9s, etc.","breadcrumb":{"@id":"https:\/\/www.mascoutech.com\/en\/loxeal\/#breadcrumb"},"inLanguage":"en-US","potentialAction":[{"@type":"ReadAction","target":["https:\/\/www.mascoutech.com\/en\/loxeal\/"]}]},{"@type":"ImageObject","inLanguage":"en-US","@id":"https:\/\/www.mascoutech.com\/en\/loxeal\/#primaryimage","url":"https:\/\/www.mascoutech.com\/wp-content\/uploads\/2022\/11\/2022_11_Catalogue-Loxeal_Ang-1-232x300.jpg","contentUrl":"https:\/\/www.mascoutech.com\/wp-content\/uploads\/2022\/11\/2022_11_Catalogue-Loxeal_Ang-1-232x300.jpg"},{"@type":"BreadcrumbList","@id":"https:\/\/www.mascoutech.com\/en\/loxeal\/#breadcrumb","itemListElement":[{"@type":"ListItem","position":1,"name":"Accueil","item":"https:\/\/www.mascoutech.com\/en\/"},{"@type":"ListItem","position":2,"name":"Loxeal"}]},{"@type":"WebSite","@id":"https:\/\/www.mascoutech.com\/en\/#website","url":"https:\/\/www.mascoutech.com\/en\/","name":"Mascoutech","description":"Tool wholesaler","publisher":{"@id":"https:\/\/www.mascoutech.com\/en\/#organization"},"potentialAction":[{"@type":"SearchAction","target":{"@type":"EntryPoint","urlTemplate":"https:\/\/www.mascoutech.com\/en\/?s={search_term_string}"},"query-input":{"@type":"PropertyValueSpecification","valueRequired":true,"valueName":"search_term_string"}}],"inLanguage":"en-US"},{"@type":"Organization","@id":"https:\/\/www.mascoutech.com\/en\/#organization","name":"Mascoutech inc.","url":"https:\/\/www.mascoutech.com\/en\/","logo":{"@type":"ImageObject","inLanguage":"en-US","@id":"https:\/\/www.mascoutech.com\/en\/#\/schema\/logo\/image\/","url":"https:\/\/i0.wp.com\/www.mascoutech.com\/wp-content\/uploads\/2020\/01\/cropped-icone-du-site.jpg?fit=512%2C512&ssl=1","contentUrl":"https:\/\/i0.wp.com\/www.mascoutech.com\/wp-content\/uploads\/2020\/01\/cropped-icone-du-site.jpg?fit=512%2C512&ssl=1","width":512,"height":512,"caption":"Mascoutech inc."},"image":{"@id":"https:\/\/www.mascoutech.com\/en\/#\/schema\/logo\/image\/"},"sameAs":["https:\/\/fr-ca.facebook.com\/Mascoutech-Inc-101171461655\/","https:\/\/www.instagram.com\/mascoutech\/","https:\/\/www.linkedin.com\/company\/mascoutech-inc-","https:\/\/www.youtube.com\/channel\/UCi9wD4ra5EONlmVkNDKo9Aw"]}]}},"_links":{"self":[{"href":"https:\/\/www.mascoutech.com\/en\/wp-json\/wp\/v2\/pages\/14971","targetHints":{"allow":["GET"]}}],"collection":[{"href":"https:\/\/www.mascoutech.com\/en\/wp-json\/wp\/v2\/pages"}],"about":[{"href":"https:\/\/www.mascoutech.com\/en\/wp-json\/wp\/v2\/types\/page"}],"author":[{"embeddable":true,"href":"https:\/\/www.mascoutech.com\/en\/wp-json\/wp\/v2\/users\/2"}],"replies":[{"embeddable":true,"href":"https:\/\/www.mascoutech.com\/en\/wp-json\/wp\/v2\/comments?post=14971"}],"version-history":[{"count":1,"href":"https:\/\/www.mascoutech.com\/en\/wp-json\/wp\/v2\/pages\/14971\/revisions"}],"predecessor-version":[{"id":53421,"href":"https:\/\/www.mascoutech.com\/en\/wp-json\/wp\/v2\/pages\/14971\/revisions\/53421"}],"wp:attachment":[{"href":"https:\/\/www.mascoutech.com\/en\/wp-json\/wp\/v2\/media?parent=14971"}],"curies":[{"name":"wp","href":"https:\/\/api.w.org\/{rel}","templated":true}]}}