{"id":14982,"date":"2014-01-14T03:32:31","date_gmt":"2014-01-14T08:32:31","guid":{"rendered":"http:\/\/www.mascoutech.com\/?page_id=14982"},"modified":"2026-01-09T09:33:13","modified_gmt":"2026-01-09T14:33:13","slug":"porta","status":"publish","type":"page","link":"https:\/\/www.mascoutech.com\/en\/porta\/","title":{"rendered":"Porta"},"content":{"rendered":"<p>[et_pb_section fb_built=&#8221;1&#8243; fullwidth=&#8221;on&#8221; _builder_version=&#8221;4.23.1&#8243; top_divider_style=&#8221;wave2&#8243; top_divider_color=&#8221;rgba(33,33,33,0.81)&#8221; global_colors_info=&#8221;{}&#8221;][et_pb_fullwidth_header logo_image_url=&#8221;https:\/\/www.mascoutech.com\/wp-content\/uploads\/2026\/01\/PortaByAsein-1.webp&#8221; header_image_url=&#8221;https:\/\/www.mascoutech.com\/wp-content\/uploads\/2019\/10\/banniere-page-Porta-2019_72dpi-e1678213183257.jpg&#8221; _builder_version=&#8221;4.27.5&#8243; title_font=&#8221;|600|||||||&#8221; title_text_color=&#8221;#000000&#8243; title_font_size=&#8221;27px&#8221; title_line_height=&#8221;1.6em&#8221; background_color=&#8221;#ffffff&#8221; custom_button_one=&#8221;on&#8221; button_one_text_color=&#8221;#000000&#8243; button_one_bg_use_color_gradient=&#8221;on&#8221; button_one_bg_color_gradient_stops=&#8221;rgba(0,0,0,0.32) 0%|#ffffff 100%&#8221; button_one_bg_color_gradient_start=&#8221;rgba(0,0,0,0.32)&#8221; button_one_bg_color_gradient_end=&#8221;#ffffff&#8221; button_one_border_width=&#8221;0px&#8221; button_one_border_color=&#8221;rgba(0,0,0,0)&#8221; button_one_icon=&#8221;&#xe086;||divi||400&#8243; button_one_icon_color=&#8221;#000000&#8243; button_one_on_hover=&#8221;off&#8221; custom_button_two=&#8221;on&#8221; button_two_text_color=&#8221;#000000&#8243; button_two_bg_use_color_gradient=&#8221;on&#8221; button_two_bg_color_gradient_stops=&#8221;rgba(0,0,0,0.36) 0%|#ffffff 100%&#8221; button_two_bg_color_gradient_start=&#8221;rgba(0,0,0,0.36)&#8221; button_two_bg_color_gradient_end=&#8221;#ffffff&#8221; button_two_border_width=&#8221;0px&#8221; button_two_icon=&#8221;&#x62;||divi||400&#8243; button_two_icon_color=&#8221;#000000&#8243; button_two_on_hover=&#8221;off&#8221; custom_margin=&#8221;||-18px|||&#8221; custom_padding=&#8221;144px||96px|||&#8221; box_shadow_style_button_one=&#8221;preset2&#8243; box_shadow_style_button_two=&#8221;preset2&#8243; global_colors_info=&#8221;{}&#8221;][\/et_pb_fullwidth_header][\/et_pb_section][et_pb_section fb_built=&#8221;1&#8243; admin_label=&#8221;Section description texte&#8221; _builder_version=&#8221;4.23.1&#8243; custom_padding=&#8221;29px||116px|||&#8221; bottom_divider_style=&#8221;wave&#8221; bottom_divider_color=&#8221;#232323&#8243; collapsed=&#8221;on&#8221; global_colors_info=&#8221;{}&#8221;][et_pb_row _builder_version=&#8221;4.16&#8243; background_size=&#8221;initial&#8221; background_position=&#8221;top_left&#8221; background_repeat=&#8221;repeat&#8221; custom_margin=&#8221;-39px|auto||auto||&#8221; global_colors_info=&#8221;{}&#8221;][et_pb_column type=&#8221;4_4&#8243; _builder_version=&#8221;4.16&#8243; custom_padding=&#8221;|||&#8221; global_colors_info=&#8221;{}&#8221; custom_padding__hover=&#8221;|||&#8221;][et_pb_text admin_label=&#8221;desc.&#8221; _builder_version=&#8221;4.27.4&#8243; background_size=&#8221;initial&#8221; background_position=&#8221;top_left&#8221; background_repeat=&#8221;repeat&#8221; text_orientation=&#8221;justified&#8221; custom_margin=&#8221;-5px||47px|||&#8221; custom_css_main_element=&#8221;margin-top:40px;&#8221; use_border_color=&#8221;off&#8221; global_colors_info=&#8221;{}&#8221;]<\/p>\n<p><strong>Porta<\/strong>, manufacturer of keyed chucks since 1936 and automatic chucks since 1948. Their wide range includes accessories for portable electric, cordless, percussion and automatic drills, stationary drills, machining centers and CNC machine tools.<\/p>\n<p>[\/et_pb_text][\/et_pb_column][\/et_pb_row][et_pb_row column_structure=&#8221;1_4,1_4,1_4,1_4&#8243; _builder_version=&#8221;4.25.1&#8243; _module_preset=&#8221;default&#8221; custom_padding=&#8221;||7px|||&#8221; global_colors_info=&#8221;{}&#8221;][et_pb_column type=&#8221;1_4&#8243; _builder_version=&#8221;4.25.1&#8243; _module_preset=&#8221;default&#8221; global_colors_info=&#8221;{}&#8221;][et_pb_image src=&#8221;https:\/\/www.mascoutech.com\/wp-content\/uploads\/2024\/06\/Pages-de-porta-chucks-2024_cover.jpg&#8221; title_text=&#8221;Pages de porta-chucks-2024_cover&#8221; url=&#8221;https:\/\/www.mascoutech.com\/wp-content\/uploads\/2025\/03\/porta-chucks-2024_low.pdf&#8221; _builder_version=&#8221;4.27.4&#8243; _module_preset=&#8221;default&#8221; global_colors_info=&#8221;{}&#8221;][\/et_pb_image][\/et_pb_column][et_pb_column type=&#8221;1_4&#8243; _builder_version=&#8221;4.25.1&#8243; _module_preset=&#8221;default&#8221; global_colors_info=&#8221;{}&#8221;][\/et_pb_column][et_pb_column type=&#8221;1_4&#8243; _builder_version=&#8221;4.25.1&#8243; _module_preset=&#8221;default&#8221; global_colors_info=&#8221;{}&#8221;][\/et_pb_column][et_pb_column type=&#8221;1_4&#8243; _builder_version=&#8221;4.25.1&#8243; _module_preset=&#8221;default&#8221; global_colors_info=&#8221;{}&#8221;][\/et_pb_column][\/et_pb_row][\/et_pb_section]<\/p>\n","protected":false},"excerpt":{"rendered":"<p>Porta, manufacturer of keyed chucks since 1936 and automatic chucks since 1948. Their wide range includes accessories for portable electric, cordless, percussion and automatic drills, stationary drills, machining centers and CNC machine tools.<\/p>\n","protected":false},"author":2,"featured_media":0,"parent":0,"menu_order":0,"comment_status":"closed","ping_status":"closed","template":"","meta":{"_et_pb_use_builder":"on","_et_pb_old_content":"<p>[vc_row][vc_column width=\"1\/1\"][vc_single_image image=\"13958\" img_link_target=\"_self\" img_size=\"full\"][dt_gap height=\"30\"][\/vc_column][\/vc_row][vc_row][vc_column width=\"1\/2\"][vc_column_text]<\/p><p style=\"text-align: justify;\"><strong>Porta<\/strong>, manufacturier italien de mandrins \u00e0 cl\u00e9 depuis 1936 et de mandrins automatiques depuis 1948. Leur vaste gamme inclut des accessoires pour perceuses portables \u00e9lectriques, sans fil, \u00e0 percussion et automatiques, perceuses fixes, centres d'usinage et machines-outils \u00e0 commandes num\u00e9riques.<\/p><p>[\/vc_column_text][dt_gap height=\"30\"][dt_button target_blank=\"true\" size=\"medium\" animation=\"none\" link=\"http:\/\/www.mascoutech.com\/wp-content\/uploads\/2016\/05\/Catalogue-Porta-2016-ENG_R.pdf\"]Catalogue complet[\/dt_button][dt_gap height=\"30\"][dt_gap height=\"30\"][\/vc_column][vc_column width=\"1\/2\"][vc_single_image image=\"14578\" img_link_target=\"_self\" img_size=\"full\"][dt_gap height=\"30\"][\/vc_column][\/vc_row][vc_row][vc_column][vc_tour style=\"tab-style-one\"][vc_tab title=\"Mandrins \u00e0 cl\u00e9\" tab_id=\"1391195266-1-82\"][vc_row_inner][vc_column_inner width=\"1\/4\"][vc_single_image img_link_target=\"_self\" img_size=\"full\" image=\"14590\"][\/vc_column_inner][vc_column_inner width=\"1\/4\"][vc_single_image image=\"14591\" img_link_target=\"_self\" img_size=\"full\"][\/vc_column_inner][vc_column_inner width=\"1\/4\"][\/vc_column_inner][vc_column_inner width=\"1\/4\"][\/vc_column_inner][\/vc_row_inner][vc_row_inner][vc_column_inner width=\"1\/1\"][dt_gap height=\"20\"][dt_button target_blank=\"true\" size=\"medium\" animation=\"none\" link=\"http:\/\/www.mascoutech.com\/wp-content\/uploads\/2014\/02\/Keyed-chucks-Porta.pdf\"]Consulter[\/dt_button][\/vc_column_inner][\/vc_row_inner][\/vc_tab][vc_tab title=\"Mandrins sans cl\u00e9\" tab_id=\"1391195266-2-72\"][vc_row_inner][vc_column_inner width=\"1\/6\"][vc_single_image image=\"14598\" img_link_target=\"_self\" img_size=\"full\"][\/vc_column_inner][vc_column_inner width=\"1\/6\"][vc_single_image image=\"14595\" img_link_target=\"_self\" img_size=\"full\"][\/vc_column_inner][vc_column_inner width=\"1\/6\"][vc_single_image image=\"14596\" img_link_target=\"_self\" img_size=\"full\"][\/vc_column_inner][vc_column_inner width=\"1\/6\"][vc_single_image image=\"14597\" img_link_target=\"_self\" img_size=\"full\"][\/vc_column_inner][vc_column_inner width=\"1\/6\"][vc_single_image image=\"14600\" img_link_target=\"_self\" img_size=\"full\"][\/vc_column_inner][vc_column_inner width=\"1\/6\"][vc_single_image image=\"14599\" img_link_target=\"_self\" img_size=\"full\"][\/vc_column_inner][\/vc_row_inner][vc_row_inner][vc_column_inner width=\"1\/1\"][dt_gap height=\"20\"][dt_button target_blank=\"true\" size=\"medium\" animation=\"none\" link=\"http:\/\/www.mascoutech.com\/wp-content\/uploads\/2014\/02\/Keyless-chucks-Porta.pdf\"]Consulter[\/dt_button][\/vc_column_inner][\/vc_row_inner][\/vc_tab][vc_tab title=\"Mandrins auto-serrants\" tab_id=\"1392662881497-4-2\"][vc_row_inner][vc_column_inner width=\"1\/4\"][vc_single_image img_link_target=\"_self\" img_size=\"full\" image=\"14607\"][\/vc_column_inner][vc_column_inner width=\"1\/4\"][vc_single_image img_link_target=\"_self\" img_size=\"full\" image=\"14609\"][\/vc_column_inner][vc_column_inner width=\"1\/4\"][vc_single_image img_link_target=\"_self\" img_size=\"full\" image=\"14611\"][\/vc_column_inner][vc_column_inner width=\"1\/4\"][\/vc_column_inner][\/vc_row_inner][vc_row_inner][vc_column_inner width=\"1\/1\"][dt_gap height=\"20\"][dt_button target_blank=\"true\" size=\"medium\" animation=\"none\" link=\"http:\/\/www.mascoutech.com\/wp-content\/uploads\/2014\/02\/Self-tightening-keyless-chucks-Porta.pdf\"]Consulter[\/dt_button][\/vc_column_inner][\/vc_row_inner][\/vc_tab][vc_tab title=\"Mandrins haute pr\u00e9cision\" tab_id=\"1392815745670-8-5\"][vc_row_inner][vc_column_inner width=\"1\/2\"][vc_single_image img_link_target=\"_self\" img_size=\"full\" image=\"14603\"][dt_gap height=\"20\"][dt_button target_blank=\"true\" size=\"medium\" animation=\"none\" link=\"http:\/\/www.mascoutech.com\/wp-content\/uploads\/2014\/02\/High-precision-chucks-Porta.pdf\"]Consulter[\/dt_button][\/vc_column_inner][vc_column_inner width=\"1\/2\"][\/vc_column_inner][\/vc_row_inner][\/vc_tab][vc_tab title=\"Mandrins haute pr\u00e9cision avec mors au titane\" tab_id=\"1392815775972-9-10\"][vc_row_inner][vc_column_inner width=\"1\/2\"][vc_single_image img_link_target=\"_self\" img_size=\"full\" image=\"14604\"][dt_gap height=\"20\"][dt_button target_blank=\"true\" size=\"medium\" animation=\"none\" link=\"http:\/\/www.mascoutech.com\/wp-content\/uploads\/2014\/02\/High-precision-chucks-titanium-jaws-Porta.pdf\"]Consulter[\/dt_button][\/vc_column_inner][vc_column_inner width=\"1\/2\"][\/vc_column_inner][\/vc_row_inner][\/vc_tab][vc_tab title=\"Arbres de montage\" tab_id=\"1391195357822-2-10\"][vc_row_inner][vc_column_inner width=\"1\/6\"][vc_single_image img_link_target=\"_self\" img_size=\"full\" image=\"14613\"][\/vc_column_inner][vc_column_inner width=\"1\/6\"][vc_single_image img_link_target=\"_self\" img_size=\"full\" image=\"14616\"][\/vc_column_inner][vc_column_inner width=\"1\/6\"][vc_single_image img_link_target=\"_self\" img_size=\"full\" image=\"14617\"][\/vc_column_inner][vc_column_inner width=\"1\/6\"][vc_single_image img_link_target=\"_self\" img_size=\"full\" image=\"14618\"][\/vc_column_inner][vc_column_inner width=\"1\/6\"][vc_single_image img_link_target=\"_self\" img_size=\"full\" image=\"14614\"][\/vc_column_inner][vc_column_inner width=\"1\/6\"][vc_single_image img_link_target=\"_self\" img_size=\"full\" image=\"14615\"][\/vc_column_inner][\/vc_row_inner][vc_row_inner][vc_column_inner width=\"1\/1\"][dt_gap height=\"20\"][dt_button target_blank=\"true\" size=\"medium\" animation=\"none\" link=\"http:\/\/www.mascoutech.com\/wp-content\/uploads\/2014\/02\/Arbors-Porta.pdf\"]Consulter[\/dt_button][\/vc_column_inner][\/vc_row_inner][\/vc_tab][vc_tab title=\"Pointes fixes et tournantes\" tab_id=\"1392827886572-10-10\"][vc_row_inner][vc_column_inner width=\"1\/6\"][vc_single_image image=\"14653\" img_link_target=\"_self\" img_size=\"full\"][\/vc_column_inner][vc_column_inner width=\"1\/6\"][vc_single_image img_link_target=\"_self\" img_size=\"full\" image=\"14649\"][\/vc_column_inner][vc_column_inner width=\"1\/6\"][vc_single_image img_link_target=\"_self\" img_size=\"full\" image=\"14650\"][\/vc_column_inner][vc_column_inner width=\"1\/6\"][vc_single_image img_link_target=\"_self\" img_size=\"full\" image=\"14651\"][\/vc_column_inner][vc_column_inner width=\"1\/6\"][vc_single_image img_link_target=\"_self\" img_size=\"full\" image=\"14652\"][\/vc_column_inner][vc_column_inner width=\"1\/6\"][vc_single_image image=\"14621\" img_link_target=\"_self\" img_size=\"full\"][\/vc_column_inner][\/vc_row_inner][vc_row_inner][vc_column_inner width=\"1\/1\"][dt_gap height=\"20\"][dt_button target_blank=\"true\" size=\"medium\" animation=\"none\" link=\"http:\/\/www.mascoutech.com\/wp-content\/uploads\/2014\/02\/Revolving-centers-Porta.pdf\"]Consulter[\/dt_button][\/vc_column_inner][\/vc_row_inner][\/vc_tab][vc_tab title=\"Cl\u00e9s d'\u00e9jection\" tab_id=\"1392815682274-5-7\"][vc_row_inner][vc_column_inner width=\"1\/4\"][vc_single_image img_link_target=\"_self\" img_size=\"full\" image=\"14624\"][\/vc_column_inner][vc_column_inner width=\"1\/4\"][vc_single_image image=\"14625\" img_link_target=\"_self\" img_size=\"full\"][\/vc_column_inner][vc_column_inner width=\"1\/4\"][\/vc_column_inner][vc_column_inner width=\"1\/4\"][\/vc_column_inner][\/vc_row_inner][vc_row_inner][vc_column_inner width=\"1\/1\"][dt_gap height=\"20\"][dt_button target_blank=\"true\" size=\"medium\" animation=\"none\" link=\"http:\/\/www.mascoutech.com\/wp-content\/uploads\/2014\/02\/Ejection-pins-Porta.pdf\"]Consulter[\/dt_button][\/vc_column_inner][\/vc_row_inner][\/vc_tab][vc_tab title=\"Accessoires \u00e0 angle droit pour perceuses\" tab_id=\"1392815723227-7-0\"][vc_row_inner][vc_column_inner width=\"1\/4\"][vc_single_image img_link_target=\"_self\" img_size=\"full\" image=\"14626\"][\/vc_column_inner][vc_column_inner width=\"1\/4\"][vc_single_image img_link_target=\"_self\" img_size=\"full\" image=\"14627\"][\/vc_column_inner][vc_column_inner width=\"1\/4\"][vc_single_image img_link_target=\"_self\" img_size=\"full\" image=\"14628\"][\/vc_column_inner][vc_column_inner width=\"1\/4\"][vc_single_image img_link_target=\"_self\" img_size=\"full\" image=\"14629\"][\/vc_column_inner][\/vc_row_inner][vc_row_inner][vc_column_inner width=\"1\/1\"][dt_gap height=\"20\"][dt_button target_blank=\"true\" size=\"medium\" animation=\"none\" link=\"http:\/\/www.mascoutech.com\/wp-content\/uploads\/2014\/02\/Right-angle-drill-attachment-Porta.pdf\"]Consulter[\/dt_button][\/vc_column_inner][\/vc_row_inner][\/vc_tab][vc_tab title=\"Autres accessoires\" tab_id=\"1391195370777-3-6\"][vc_row_inner][vc_column_inner width=\"1\/6\"][vc_single_image img_link_target=\"_self\" img_size=\"full\" image=\"14633\"][\/vc_column_inner][vc_column_inner width=\"1\/6\"][vc_single_image img_link_target=\"_self\" img_size=\"full\" image=\"14634\"][\/vc_column_inner][vc_column_inner width=\"1\/6\"][vc_single_image img_link_target=\"_self\" img_size=\"full\" image=\"14631\"][vc_single_image img_link_target=\"_self\" image=\"14635\" img_size=\"full\"][vc_single_image img_link_target=\"_self\" img_size=\"full\" image=\"14632\"][\/vc_column_inner][vc_column_inner width=\"1\/6\"][vc_single_image img_link_target=\"_self\" img_size=\"full\" image=\"14636\"][\/vc_column_inner][vc_column_inner width=\"1\/6\"][\/vc_column_inner][vc_column_inner width=\"1\/6\"][\/vc_column_inner][\/vc_row_inner][vc_row_inner][vc_column_inner width=\"1\/1\"][dt_gap height=\"20\"][dt_button target_blank=\"true\" size=\"medium\" animation=\"none\" link=\"http:\/\/www.mascoutech.com\/wp-content\/uploads\/2014\/02\/Accessories-Porta.pdf\"]Consulter[\/dt_button][\/vc_column_inner][\/vc_row_inner][\/vc_tab][vc_tab title=\"<strong>Vid\u00e9o RADA360\u00b0<\/strong>\" tab_id=\"1422631525314-10-0\"][vc_single_image image=\"16917\" img_link_target=\"_self\" img_size=\"medium\"][vc_column_text]<strong>RADA360\u00b0<\/strong><br \/> Voyez son fonctionnement[\/vc_column_text][dt_gap height=\"10\"][dt_button link=\"https:\/\/drive.google.com\/file\/d\/0B_SP6J26apyJUS1VNGo5T0NwUW8\/view?pli=1\" target_blank=\"true\" size=\"medium\" animation=\"none\"]Cliquez ici pour visionner la vid\u00e9o[\/dt_button][\/vc_tab][\/vc_tour][dt_gap height=\"30\"][\/vc_column][\/vc_row]<\/p>","_et_gb_content_width":"","footnotes":""},"class_list":["post-14982","page","type-page","status-publish","hentry"],"yoast_head":"<!-- This site is optimized with the Yoast SEO plugin v27.4 - https:\/\/yoast.com\/product\/yoast-seo-wordpress\/ -->\n<title>Porta - Mascoutech<\/title>\n<meta name=\"description\" content=\"Porta manufacturier italien de mandrins \u00e0 cl\u00e9 depuis 1936 et de mandrins automatiques depuis 1948. Leur vaste gamme inclut des accessoires pour perceuses portables \u00e9lectriques...\" \/>\n<meta name=\"robots\" content=\"index, follow, max-snippet:-1, max-image-preview:large, max-video-preview:-1\" \/>\n<link rel=\"canonical\" href=\"https:\/\/www.mascoutech.com\/en\/porta\/\" \/>\n<meta property=\"og:locale\" content=\"en_US\" \/>\n<meta property=\"og:type\" content=\"article\" \/>\n<meta property=\"og:title\" content=\"Porta - Mascoutech\" \/>\n<meta property=\"og:description\" content=\"Porta manufacturier italien de mandrins \u00e0 cl\u00e9 depuis 1936 et de mandrins automatiques depuis 1948. Leur vaste gamme inclut des accessoires pour perceuses portables \u00e9lectriques...\" \/>\n<meta property=\"og:url\" content=\"https:\/\/www.mascoutech.com\/en\/porta\/\" \/>\n<meta property=\"og:site_name\" content=\"Mascoutech\" \/>\n<meta property=\"article:publisher\" content=\"https:\/\/fr-ca.facebook.com\/Mascoutech-Inc-101171461655\/\" \/>\n<meta property=\"article:modified_time\" content=\"2026-01-09T14:33:13+00:00\" \/>\n<meta name=\"twitter:label1\" content=\"Est. reading time\" \/>\n\t<meta name=\"twitter:data1\" content=\"1 minute\" \/>\n<script type=\"application\/ld+json\" class=\"yoast-schema-graph\">{\"@context\":\"https:\\\/\\\/schema.org\",\"@graph\":[{\"@type\":\"WebPage\",\"@id\":\"https:\\\/\\\/www.mascoutech.com\\\/en\\\/porta\\\/\",\"url\":\"https:\\\/\\\/www.mascoutech.com\\\/en\\\/porta\\\/\",\"name\":\"Porta - Mascoutech\",\"isPartOf\":{\"@id\":\"https:\\\/\\\/www.mascoutech.com\\\/en\\\/#website\"},\"datePublished\":\"2014-01-14T08:32:31+00:00\",\"dateModified\":\"2026-01-09T14:33:13+00:00\",\"description\":\"Porta manufacturier italien de mandrins \u00e0 cl\u00e9 depuis 1936 et de mandrins automatiques depuis 1948. Leur vaste gamme inclut des accessoires pour perceuses portables \u00e9lectriques...\",\"breadcrumb\":{\"@id\":\"https:\\\/\\\/www.mascoutech.com\\\/en\\\/porta\\\/#breadcrumb\"},\"inLanguage\":\"en-US\",\"potentialAction\":[{\"@type\":\"ReadAction\",\"target\":[\"https:\\\/\\\/www.mascoutech.com\\\/en\\\/porta\\\/\"]}]},{\"@type\":\"BreadcrumbList\",\"@id\":\"https:\\\/\\\/www.mascoutech.com\\\/en\\\/porta\\\/#breadcrumb\",\"itemListElement\":[{\"@type\":\"ListItem\",\"position\":1,\"name\":\"Accueil\",\"item\":\"https:\\\/\\\/www.mascoutech.com\\\/en\\\/\"},{\"@type\":\"ListItem\",\"position\":2,\"name\":\"Porta\"}]},{\"@type\":\"WebSite\",\"@id\":\"https:\\\/\\\/www.mascoutech.com\\\/en\\\/#website\",\"url\":\"https:\\\/\\\/www.mascoutech.com\\\/en\\\/\",\"name\":\"Mascoutech\",\"description\":\"Tool wholesaler\",\"publisher\":{\"@id\":\"https:\\\/\\\/www.mascoutech.com\\\/en\\\/#organization\"},\"potentialAction\":[{\"@type\":\"SearchAction\",\"target\":{\"@type\":\"EntryPoint\",\"urlTemplate\":\"https:\\\/\\\/www.mascoutech.com\\\/en\\\/?s={search_term_string}\"},\"query-input\":{\"@type\":\"PropertyValueSpecification\",\"valueRequired\":true,\"valueName\":\"search_term_string\"}}],\"inLanguage\":\"en-US\"},{\"@type\":\"Organization\",\"@id\":\"https:\\\/\\\/www.mascoutech.com\\\/en\\\/#organization\",\"name\":\"Mascoutech inc.\",\"url\":\"https:\\\/\\\/www.mascoutech.com\\\/en\\\/\",\"logo\":{\"@type\":\"ImageObject\",\"inLanguage\":\"en-US\",\"@id\":\"https:\\\/\\\/www.mascoutech.com\\\/en\\\/#\\\/schema\\\/logo\\\/image\\\/\",\"url\":\"https:\\\/\\\/i0.wp.com\\\/www.mascoutech.com\\\/wp-content\\\/uploads\\\/2020\\\/01\\\/cropped-icone-du-site.jpg?fit=512%2C512&ssl=1\",\"contentUrl\":\"https:\\\/\\\/i0.wp.com\\\/www.mascoutech.com\\\/wp-content\\\/uploads\\\/2020\\\/01\\\/cropped-icone-du-site.jpg?fit=512%2C512&ssl=1\",\"width\":512,\"height\":512,\"caption\":\"Mascoutech inc.\"},\"image\":{\"@id\":\"https:\\\/\\\/www.mascoutech.com\\\/en\\\/#\\\/schema\\\/logo\\\/image\\\/\"},\"sameAs\":[\"https:\\\/\\\/fr-ca.facebook.com\\\/Mascoutech-Inc-101171461655\\\/\",\"https:\\\/\\\/www.instagram.com\\\/mascoutech\\\/\",\"https:\\\/\\\/www.linkedin.com\\\/company\\\/mascoutech-inc-\",\"https:\\\/\\\/www.youtube.com\\\/channel\\\/UCi9wD4ra5EONlmVkNDKo9Aw\"]}]}<\/script>\n<!-- \/ Yoast SEO plugin. -->","yoast_head_json":{"title":"Porta - Mascoutech","description":"Porta manufacturier italien de mandrins \u00e0 cl\u00e9 depuis 1936 et de mandrins automatiques depuis 1948. Leur vaste gamme inclut des accessoires pour perceuses portables \u00e9lectriques...","robots":{"index":"index","follow":"follow","max-snippet":"max-snippet:-1","max-image-preview":"max-image-preview:large","max-video-preview":"max-video-preview:-1"},"canonical":"https:\/\/www.mascoutech.com\/en\/porta\/","og_locale":"en_US","og_type":"article","og_title":"Porta - Mascoutech","og_description":"Porta manufacturier italien de mandrins \u00e0 cl\u00e9 depuis 1936 et de mandrins automatiques depuis 1948. Leur vaste gamme inclut des accessoires pour perceuses portables \u00e9lectriques...","og_url":"https:\/\/www.mascoutech.com\/en\/porta\/","og_site_name":"Mascoutech","article_publisher":"https:\/\/fr-ca.facebook.com\/Mascoutech-Inc-101171461655\/","article_modified_time":"2026-01-09T14:33:13+00:00","twitter_misc":{"Est. reading time":"1 minute"},"schema":{"@context":"https:\/\/schema.org","@graph":[{"@type":"WebPage","@id":"https:\/\/www.mascoutech.com\/en\/porta\/","url":"https:\/\/www.mascoutech.com\/en\/porta\/","name":"Porta - Mascoutech","isPartOf":{"@id":"https:\/\/www.mascoutech.com\/en\/#website"},"datePublished":"2014-01-14T08:32:31+00:00","dateModified":"2026-01-09T14:33:13+00:00","description":"Porta manufacturier italien de mandrins \u00e0 cl\u00e9 depuis 1936 et de mandrins automatiques depuis 1948. Leur vaste gamme inclut des accessoires pour perceuses portables \u00e9lectriques...","breadcrumb":{"@id":"https:\/\/www.mascoutech.com\/en\/porta\/#breadcrumb"},"inLanguage":"en-US","potentialAction":[{"@type":"ReadAction","target":["https:\/\/www.mascoutech.com\/en\/porta\/"]}]},{"@type":"BreadcrumbList","@id":"https:\/\/www.mascoutech.com\/en\/porta\/#breadcrumb","itemListElement":[{"@type":"ListItem","position":1,"name":"Accueil","item":"https:\/\/www.mascoutech.com\/en\/"},{"@type":"ListItem","position":2,"name":"Porta"}]},{"@type":"WebSite","@id":"https:\/\/www.mascoutech.com\/en\/#website","url":"https:\/\/www.mascoutech.com\/en\/","name":"Mascoutech","description":"Tool wholesaler","publisher":{"@id":"https:\/\/www.mascoutech.com\/en\/#organization"},"potentialAction":[{"@type":"SearchAction","target":{"@type":"EntryPoint","urlTemplate":"https:\/\/www.mascoutech.com\/en\/?s={search_term_string}"},"query-input":{"@type":"PropertyValueSpecification","valueRequired":true,"valueName":"search_term_string"}}],"inLanguage":"en-US"},{"@type":"Organization","@id":"https:\/\/www.mascoutech.com\/en\/#organization","name":"Mascoutech inc.","url":"https:\/\/www.mascoutech.com\/en\/","logo":{"@type":"ImageObject","inLanguage":"en-US","@id":"https:\/\/www.mascoutech.com\/en\/#\/schema\/logo\/image\/","url":"https:\/\/i0.wp.com\/www.mascoutech.com\/wp-content\/uploads\/2020\/01\/cropped-icone-du-site.jpg?fit=512%2C512&ssl=1","contentUrl":"https:\/\/i0.wp.com\/www.mascoutech.com\/wp-content\/uploads\/2020\/01\/cropped-icone-du-site.jpg?fit=512%2C512&ssl=1","width":512,"height":512,"caption":"Mascoutech inc."},"image":{"@id":"https:\/\/www.mascoutech.com\/en\/#\/schema\/logo\/image\/"},"sameAs":["https:\/\/fr-ca.facebook.com\/Mascoutech-Inc-101171461655\/","https:\/\/www.instagram.com\/mascoutech\/","https:\/\/www.linkedin.com\/company\/mascoutech-inc-","https:\/\/www.youtube.com\/channel\/UCi9wD4ra5EONlmVkNDKo9Aw"]}]}},"_links":{"self":[{"href":"https:\/\/www.mascoutech.com\/en\/wp-json\/wp\/v2\/pages\/14982","targetHints":{"allow":["GET"]}}],"collection":[{"href":"https:\/\/www.mascoutech.com\/en\/wp-json\/wp\/v2\/pages"}],"about":[{"href":"https:\/\/www.mascoutech.com\/en\/wp-json\/wp\/v2\/types\/page"}],"author":[{"embeddable":true,"href":"https:\/\/www.mascoutech.com\/en\/wp-json\/wp\/v2\/users\/2"}],"replies":[{"embeddable":true,"href":"https:\/\/www.mascoutech.com\/en\/wp-json\/wp\/v2\/comments?post=14982"}],"version-history":[{"count":2,"href":"https:\/\/www.mascoutech.com\/en\/wp-json\/wp\/v2\/pages\/14982\/revisions"}],"predecessor-version":[{"id":53604,"href":"https:\/\/www.mascoutech.com\/en\/wp-json\/wp\/v2\/pages\/14982\/revisions\/53604"}],"wp:attachment":[{"href":"https:\/\/www.mascoutech.com\/en\/wp-json\/wp\/v2\/media?parent=14982"}],"curies":[{"name":"wp","href":"https:\/\/api.w.org\/{rel}","templated":true}]}}