{"id":14999,"date":"2013-08-08T15:48:16","date_gmt":"2013-08-08T20:48:16","guid":{"rendered":"http:\/\/www.mascoutech.com\/?page_id=14999"},"modified":"2026-04-20T10:57:31","modified_gmt":"2026-04-20T14:57:31","slug":"contact","status":"publish","type":"page","link":"https:\/\/www.mascoutech.com\/en\/contact\/","title":{"rendered":"Contact"},"content":{"rendered":"<p>[et_pb_section fb_built=&#8221;1&#8243; _builder_version=&#8221;4.23.1&#8243; custom_padding=&#8221;89px||108px|||&#8221; top_divider_style=&#8221;wave2&#8243; top_divider_color=&#8221;rgba(33,33,33,0.81)&#8221; collapsed=&#8221;off&#8221; global_colors_info=&#8221;{}&#8221;][et_pb_row _builder_version=&#8221;4.27.4&#8243; _module_preset=&#8221;default&#8221; global_colors_info=&#8221;{}&#8221;][et_pb_column type=&#8221;4_4&#8243; _builder_version=&#8221;4.27.4&#8243; _module_preset=&#8221;default&#8221; global_colors_info=&#8221;{}&#8221;][\/et_pb_column][\/et_pb_row][et_pb_row column_structure=&#8221;1_2,1_2&#8243; _builder_version=&#8221;4.16&#8243; background_size=&#8221;initial&#8221; background_position=&#8221;top_left&#8221; background_repeat=&#8221;repeat&#8221; custom_padding=&#8221;104px|||||&#8221; global_colors_info=&#8221;{}&#8221;][et_pb_column type=&#8221;1_2&#8243; _builder_version=&#8221;4.16&#8243; custom_padding=&#8221;|||&#8221; global_colors_info=&#8221;{}&#8221; custom_padding__hover=&#8221;|||&#8221;][et_pb_text admin_label=&#8221;Contactez-nous&#8221; _builder_version=&#8221;4.16&#8243; text_font=&#8221;Open Sans|||on|||||&#8221; text_text_color=&#8221;#be202f&#8221; text_font_size=&#8221;30&#8243; header_font=&#8221;Roboto||||&#8221; background_size=&#8221;initial&#8221; background_position=&#8221;top_left&#8221; background_repeat=&#8221;repeat&#8221; module_alignment=&#8221;left&#8221; use_border_color=&#8221;off&#8221; global_colors_info=&#8221;{}&#8221;]<\/p>\n<p style=\"text-align: center;\"><strong>Contact us<\/strong><\/p>\n<p>[\/et_pb_text][et_pb_text admin_label=&#8221;info contact&#8221; _builder_version=&#8221;4.20.4&#8243; text_font=&#8221;Roboto||||&#8221; background_size=&#8221;initial&#8221; background_position=&#8221;top_left&#8221; background_repeat=&#8221;repeat&#8221; module_alignment=&#8221;left&#8221; custom_padding=&#8221;51px||16px|48px||&#8221; box_shadow_style=&#8221;preset3&#8243; box_shadow_horizontal=&#8221;7px&#8221; global_colors_info=&#8221;{}&#8221;]<\/p>\n<p><span style=\"color: #000000;\"><strong>Adress<\/strong>: 998 rue Jean-Neveu, Longueuil QC, Canada J4G 2M1<\/span><\/p>\n<p><span style=\"color: #000000;\"><strong>Phone<\/strong>: 450.442.4232 \/ 1.800.442.2535<\/span><\/p>\n<p><strong><span style=\"color: #000000;\">Our\u00a0business hours:<br \/>Monday to Friday from 8:00 a.m to 5:00 p.m<\/span><\/strong><\/p>\n<p>[\/et_pb_text][\/et_pb_column][et_pb_column type=&#8221;1_2&#8243; _builder_version=&#8221;4.16&#8243; custom_padding=&#8221;|||&#8221; global_colors_info=&#8221;{}&#8221; custom_padding__hover=&#8221;|||&#8221;][et_pb_text admin_label=&#8221;Par Courriel&#8221; _builder_version=&#8221;4.16&#8243; text_font=&#8221;Open Sans|||on|||||&#8221; text_text_color=&#8221;#be202f&#8221; text_font_size=&#8221;30&#8243; background_size=&#8221;initial&#8221; background_position=&#8221;top_left&#8221; background_repeat=&#8221;repeat&#8221; module_alignment=&#8221;left&#8221; use_border_color=&#8221;off&#8221; global_colors_info=&#8221;{}&#8221;]<\/p>\n<p style=\"text-align: center;\"><strong>By Email<\/strong><\/p>\n<p>[\/et_pb_text][et_pb_contact_form email=&#8221;sales@mascoutech.com&#8221; _builder_version=&#8221;4.19.4&#8243; _unique_id=&#8221;58e60637-bba8-42da-b0e6-aa7a4e8ef75e&#8221; form_field_font=&#8221;Roboto||||&#8221; form_field_font_size=&#8221;12&#8243; custom_button=&#8221;on&#8221; button_text_size=&#8221;16&#8243; button_text_color=&#8221;#494949&#8243; button_border_color=&#8221;#b71919&#8243; button_letter_spacing=&#8221;1&#8243; button_icon=&#8221;&#x35;||divi||400&#8243; button_letter_spacing_last_edited=&#8221;off|&#8221; border_radii=&#8221;on|0px|0px|0px|0px&#8221; border_style=&#8221;solid&#8221; input_border_radius=&#8221;0&#8243; global_colors_info=&#8221;{}&#8221;][et_pb_contact_field field_id=&#8221;Name&#8221; field_title=&#8221;Name&#8221; _builder_version=&#8221;4.16&#8243; global_colors_info=&#8221;{}&#8221; button_text_size__hover_enabled=&#8221;off&#8221; button_one_text_size__hover_enabled=&#8221;off&#8221; button_two_text_size__hover_enabled=&#8221;off&#8221; button_text_color__hover_enabled=&#8221;off&#8221; button_one_text_color__hover_enabled=&#8221;off&#8221; button_two_text_color__hover_enabled=&#8221;off&#8221; button_border_width__hover_enabled=&#8221;off&#8221; button_one_border_width__hover_enabled=&#8221;off&#8221; button_two_border_width__hover_enabled=&#8221;off&#8221; button_border_color__hover_enabled=&#8221;off&#8221; button_one_border_color__hover_enabled=&#8221;off&#8221; button_two_border_color__hover_enabled=&#8221;off&#8221; button_border_radius__hover_enabled=&#8221;off&#8221; button_one_border_radius__hover_enabled=&#8221;off&#8221; button_two_border_radius__hover_enabled=&#8221;off&#8221; button_letter_spacing__hover_enabled=&#8221;off&#8221; button_one_letter_spacing__hover_enabled=&#8221;off&#8221; button_two_letter_spacing__hover_enabled=&#8221;off&#8221; button_bg_color__hover_enabled=&#8221;off&#8221; button_one_bg_color__hover_enabled=&#8221;off&#8221; button_two_bg_color__hover_enabled=&#8221;off&#8221;][\/et_pb_contact_field][et_pb_contact_field field_id=&#8221;Email&#8221; field_title=&#8221;Email&#8221; field_type=&#8221;email&#8221; _builder_version=&#8221;4.16&#8243; global_colors_info=&#8221;{}&#8221; button_text_size__hover_enabled=&#8221;off&#8221; button_one_text_size__hover_enabled=&#8221;off&#8221; button_two_text_size__hover_enabled=&#8221;off&#8221; button_text_color__hover_enabled=&#8221;off&#8221; button_one_text_color__hover_enabled=&#8221;off&#8221; button_two_text_color__hover_enabled=&#8221;off&#8221; button_border_width__hover_enabled=&#8221;off&#8221; button_one_border_width__hover_enabled=&#8221;off&#8221; button_two_border_width__hover_enabled=&#8221;off&#8221; button_border_color__hover_enabled=&#8221;off&#8221; button_one_border_color__hover_enabled=&#8221;off&#8221; button_two_border_color__hover_enabled=&#8221;off&#8221; button_border_radius__hover_enabled=&#8221;off&#8221; button_one_border_radius__hover_enabled=&#8221;off&#8221; button_two_border_radius__hover_enabled=&#8221;off&#8221; button_letter_spacing__hover_enabled=&#8221;off&#8221; button_one_letter_spacing__hover_enabled=&#8221;off&#8221; button_two_letter_spacing__hover_enabled=&#8221;off&#8221; button_bg_color__hover_enabled=&#8221;off&#8221; button_one_bg_color__hover_enabled=&#8221;off&#8221; button_two_bg_color__hover_enabled=&#8221;off&#8221;][\/et_pb_contact_field][et_pb_contact_field field_id=&#8221;Company&#8221; field_title=&#8221;Company&#8221; required_mark=&#8221;off&#8221; fullwidth_field=&#8221;on&#8221; _builder_version=&#8221;4.19.4&#8243; _module_preset=&#8221;default&#8221; global_colors_info=&#8221;{}&#8221;][\/et_pb_contact_field][et_pb_contact_field field_id=&#8221;Message&#8221; field_title=&#8221;Message&#8221; field_type=&#8221;text&#8221; _builder_version=&#8221;4.16&#8243; global_colors_info=&#8221;{}&#8221; button_text_size__hover_enabled=&#8221;off&#8221; button_one_text_size__hover_enabled=&#8221;off&#8221; button_two_text_size__hover_enabled=&#8221;off&#8221; button_text_color__hover_enabled=&#8221;off&#8221; button_one_text_color__hover_enabled=&#8221;off&#8221; button_two_text_color__hover_enabled=&#8221;off&#8221; button_border_width__hover_enabled=&#8221;off&#8221; button_one_border_width__hover_enabled=&#8221;off&#8221; button_two_border_width__hover_enabled=&#8221;off&#8221; button_border_color__hover_enabled=&#8221;off&#8221; button_one_border_color__hover_enabled=&#8221;off&#8221; button_two_border_color__hover_enabled=&#8221;off&#8221; button_border_radius__hover_enabled=&#8221;off&#8221; button_one_border_radius__hover_enabled=&#8221;off&#8221; button_two_border_radius__hover_enabled=&#8221;off&#8221; button_letter_spacing__hover_enabled=&#8221;off&#8221; button_one_letter_spacing__hover_enabled=&#8221;off&#8221; button_two_letter_spacing__hover_enabled=&#8221;off&#8221; button_bg_color__hover_enabled=&#8221;off&#8221; button_one_bg_color__hover_enabled=&#8221;off&#8221; button_two_bg_color__hover_enabled=&#8221;off&#8221;][\/et_pb_contact_field][\/et_pb_contact_form][\/et_pb_column][\/et_pb_row][\/et_pb_section][et_pb_section fb_built=&#8221;1&#8243; _builder_version=&#8221;4.23.1&#8243; custom_margin=&#8221;||-4px|||&#8221; custom_padding=&#8221;0px||158px|||&#8221; bottom_divider_style=&#8221;wave&#8221; bottom_divider_color=&#8221;#232323&#8243; global_colors_info=&#8221;{}&#8221;][et_pb_row _builder_version=&#8221;4.16&#8243; background_color=&#8221;#000000&#8243; global_colors_info=&#8221;{}&#8221;][et_pb_column type=&#8221;4_4&#8243; _builder_version=&#8221;4.16&#8243; global_colors_info=&#8221;{}&#8221;][et_pb_image src=&#8221;https:\/\/www.mascoutech.com\/wp-content\/uploads\/2019\/12\/map-capture.jpg&#8221; url=&#8221;https:\/\/www.google.com\/maps\/place\/998+Rue+Jean-Neveu,+Longueuil,+QC+J4N+1L8\/@45.5676138,-73.4508535,15.96z\/data=!4m5!3m4!1s0x4cc9032e976b4213:0xaa9166a584dc41de!8m2!3d45.5694666!4d-73.4512771&#8243; admin_label=&#8221;map&#8221; _builder_version=&#8221;4.16&#8243; background_color=&#8221;#000000&#8243; box_shadow_style=&#8221;preset2&#8243; global_colors_info=&#8221;{}&#8221;][\/et_pb_image][\/et_pb_column][\/et_pb_row][et_pb_row _builder_version=&#8221;4.16&#8243; _module_preset=&#8221;default&#8221; custom_padding=&#8221;53px|||||&#8221; global_colors_info=&#8221;{}&#8221;][et_pb_column type=&#8221;4_4&#8243; _builder_version=&#8221;4.16&#8243; _module_preset=&#8221;default&#8221; global_colors_info=&#8221;{}&#8221;][et_pb_text admin_label=&#8221;OUR EXTERNAL TEAM OF AGENTS&#8221; _builder_version=&#8221;4.27.6&#8243; text_font=&#8221;Open Sans|||on|||||&#8221; text_text_color=&#8221;#be202f&#8221; text_font_size=&#8221;30&#8243; header_font=&#8221;Roboto||||&#8221; background_size=&#8221;initial&#8221; background_position=&#8221;top_left&#8221; background_repeat=&#8221;repeat&#8221; module_alignment=&#8221;left&#8221; hover_enabled=&#8221;0&#8243; use_border_color=&#8221;off&#8221; global_colors_info=&#8221;{}&#8221; sticky_enabled=&#8221;0&#8243;]<\/p>\n<p style=\"text-align: center;\"><strong>OUR REPRESENTATIVES<\/strong><\/p>\n<p>[\/et_pb_text][\/et_pb_column][\/et_pb_row][et_pb_row column_structure=&#8221;1_3,1_3,1_3&#8243; _builder_version=&#8221;4.16&#8243; _module_preset=&#8221;default&#8221; custom_margin=&#8221;12px|auto||auto||&#8221; global_colors_info=&#8221;{}&#8221;][et_pb_column type=&#8221;1_3&#8243; _builder_version=&#8221;4.16&#8243; _module_preset=&#8221;default&#8221; global_colors_info=&#8221;{}&#8221;][et_pb_image src=&#8221;https:\/\/www.mascoutech.com\/wp-content\/uploads\/2026\/04\/Secteur-Benoit-Leblanc-1-225&#215;300.jpg&#8221; title_text=&#8221;Secteur Benoit Leblanc&#8221; url=&#8221;mailto:sfmpta@gmail.com&#8221; _builder_version=&#8221;4.27.6&#8243; _module_preset=&#8221;default&#8221; hover_enabled=&#8221;0&#8243; global_colors_info=&#8221;{}&#8221; sticky_enabled=&#8221;0&#8243;][\/et_pb_image][\/et_pb_column][et_pb_column type=&#8221;1_3&#8243; _builder_version=&#8221;4.16&#8243; _module_preset=&#8221;default&#8221; global_colors_info=&#8221;{}&#8221;][et_pb_image src=&#8221;https:\/\/www.mascoutech.com\/wp-content\/uploads\/2026\/04\/Secteur-Nelson-Amaral-1-225&#215;300.jpg&#8221; title_text=&#8221;Secteur Nelson Amaral&#8221; url=&#8221;mailto:sfmpta@gmail.com&#8221; _builder_version=&#8221;4.27.6&#8243; _module_preset=&#8221;default&#8221; hover_enabled=&#8221;0&#8243; global_colors_info=&#8221;{}&#8221; sticky_enabled=&#8221;0&#8243;][\/et_pb_image][\/et_pb_column][et_pb_column type=&#8221;1_3&#8243; _builder_version=&#8221;4.16&#8243; _module_preset=&#8221;default&#8221; global_colors_info=&#8221;{}&#8221;][et_pb_image src=&#8221;https:\/\/www.mascoutech.com\/wp-content\/uploads\/2026\/04\/Secteur-William-2-225&#215;300.jpg&#8221; title_text=&#8221;Secteur William&#8221; url=&#8221;mailto:sfmpta@gmail.com&#8221; _builder_version=&#8221;4.27.6&#8243; _module_preset=&#8221;default&#8221; hover_enabled=&#8221;0&#8243; global_colors_info=&#8221;{}&#8221; sticky_enabled=&#8221;0&#8243;][\/et_pb_image][\/et_pb_column][\/et_pb_row][et_pb_row _builder_version=&#8221;4.16&#8243; _module_preset=&#8221;default&#8221; custom_padding=&#8221;53px|||||&#8221; global_colors_info=&#8221;{}&#8221;][et_pb_column type=&#8221;4_4&#8243; _builder_version=&#8221;4.16&#8243; _module_preset=&#8221;default&#8221; global_colors_info=&#8221;{}&#8221;][et_pb_text admin_label=&#8221;OUR EXTERNAL TEAM OF AGENTS&#8221; _builder_version=&#8221;4.16&#8243; text_font=&#8221;Open Sans|||on|||||&#8221; text_text_color=&#8221;#be202f&#8221; text_font_size=&#8221;30&#8243; header_font=&#8221;Roboto||||&#8221; background_size=&#8221;initial&#8221; background_position=&#8221;top_left&#8221; background_repeat=&#8221;repeat&#8221; module_alignment=&#8221;left&#8221; use_border_color=&#8221;off&#8221; global_colors_info=&#8221;{}&#8221;]<\/p>\n<p style=\"text-align: center;\"><strong>OUR EXTERNAL TEAM OF AGENTS<\/strong><\/p>\n<p>[\/et_pb_text][\/et_pb_column][\/et_pb_row][et_pb_row column_structure=&#8221;1_3,1_3,1_3&#8243; _builder_version=&#8221;4.16&#8243; _module_preset=&#8221;default&#8221; custom_margin=&#8221;12px|auto||auto||&#8221; global_colors_info=&#8221;{}&#8221;][et_pb_column type=&#8221;1_3&#8243; _builder_version=&#8221;4.16&#8243; _module_preset=&#8221;default&#8221; global_colors_info=&#8221;{}&#8221;][et_pb_image src=&#8221;https:\/\/www.mascoutech.com\/wp-content\/uploads\/2026\/04\/Secteur-Shawn-Langille-4-225&#215;300.jpg&#8221; title_text=&#8221;Secteur Shawn Langille&#8221; url=&#8221;mailto:sfmpta@gmail.com&#8221; _builder_version=&#8221;4.27.6&#8243; _module_preset=&#8221;default&#8221; hover_enabled=&#8221;0&#8243; global_colors_info=&#8221;{}&#8221; sticky_enabled=&#8221;0&#8243;][\/et_pb_image][\/et_pb_column][et_pb_column type=&#8221;1_3&#8243; _builder_version=&#8221;4.16&#8243; _module_preset=&#8221;default&#8221; global_colors_info=&#8221;{}&#8221;][et_pb_image src=&#8221;https:\/\/www.mascoutech.com\/wp-content\/uploads\/2025\/10\/Secteur-Alain-Gagnon-2-224&#215;300.jpg&#8221; title_text=&#8221;Secteur Alain Gagnon&#8221; url=&#8221;mailto:agagnon@jagsales.ca&#8221; _builder_version=&#8221;4.27.6&#8243; _module_preset=&#8221;default&#8221; hover_enabled=&#8221;0&#8243; global_colors_info=&#8221;{}&#8221; sticky_enabled=&#8221;0&#8243;][\/et_pb_image][\/et_pb_column][et_pb_column type=&#8221;1_3&#8243; _builder_version=&#8221;4.16&#8243; _module_preset=&#8221;default&#8221; global_colors_info=&#8221;{}&#8221;][et_pb_image src=&#8221;https:\/\/www.mascoutech.com\/wp-content\/uploads\/2020\/11\/Secteur-Key-source-3-e1678221943723-225&#215;300.jpg&#8221; title_text=&#8221;Secteur Key source&#8221; url=&#8221;mailto:keysource@shaw.ca&#8221; _builder_version=&#8221;4.27.6&#8243; _module_preset=&#8221;default&#8221; hover_enabled=&#8221;0&#8243; global_colors_info=&#8221;{}&#8221; sticky_enabled=&#8221;0&#8243;][\/et_pb_image][\/et_pb_column][\/et_pb_row][\/et_pb_section]<\/p>\n","protected":false},"excerpt":{"rendered":"<p>Contact usAdress: 998 rue Jean-Neveu, Longueuil QC, Canada J4G 2M1 Phone: 450.442.4232 \/ 1.800.442.2535 Our\u00a0business hours:Monday to Friday from 8:00 a.m to 5:00 p.mBy EmailOUR REPRESENTATIVESOUR EXTERNAL TEAM OF AGENTS<\/p>\n","protected":false},"author":2,"featured_media":0,"parent":0,"menu_order":300,"comment_status":"closed","ping_status":"closed","template":"","meta":{"_et_pb_use_builder":"on","_et_pb_old_content":"[vc_row][vc_column width=\"1\/3\"][vc_single_image image=\"16101\" img_link_target=\"_self\" img_size=\"full\"][dt_gap height=\"20\"][vc_column_text]\r\n<h6><strong>Contact<\/strong><\/h6>\r\n[\/vc_column_text][dt_gap height=\"15\"][vc_column_text]\r\n<h6>Adresse:<\/h6>\r\n998, Jean-Neveu, Longueuil, QC J4G 2M1 \u200e\r\n\r\n[dt_divider style=\"thin\" \/]\r\n<h6>T\u00e9l\u00e9phone:<\/h6>\r\n450 442-4232\r\n\r\n1 800 442-2535\r\n\r\n[dt_divider style=\"thin\" \/]\r\n<h6>T\u00e9l\u00e9copieur:<\/h6>\r\n450 442.9212 [dt_divider style=\"thin\" \/]\r\n<h6>Courriel:<\/h6>\r\nventes@mascoutech.com\r\n\r\n[dt_divider style=\"thin\" \/]\r\n<h6>Heures d'ouverture:<\/h6>\r\nLundi au Vendredi 8:00 - 17:00\r\n\r\n[dt_divider style=\"thin\" \/]\r\n<h6>R\u00e9seaux sociaux:<\/h6>\r\n<div>\r\n\r\n<a href=\"https:\/\/www.facebook.com\/pages\/Mascoutech-Inc\/101171461655?fref=ts\"><img class=\"alignnone size-full wp-image-16476\" src=\"http:\/\/www.mascoutech.com\/wp-content\/uploads\/2014\/01\/facebook_vectoriel.png\" alt=\"facebook_vectoriel\" width=\"34\" height=\"32\" \/><\/a><a href=\"https:\/\/www.linkedin.com\/company\/mascoutech-inc-\"><img class=\"alignnone size-full wp-image-16474\" src=\"http:\/\/www.mascoutech.com\/wp-content\/uploads\/2014\/01\/Linkedin_vectoriel.png\" alt=\"Linkedin_vectoriel\" width=\"30\" height=\"32\" \/><\/a> <a href=\"http:\/\/instagram.com\/mascoutech?ref=badge\"><img class=\"alignnone size-full wp-image-16478\" src=\"http:\/\/www.mascoutech.com\/wp-content\/uploads\/2014\/01\/instagram_vectoriel2.png\" alt=\"instagram_vectoriel\" width=\"29\" height=\"31\" \/><\/a> <a><img class=\"alignnone size-full wp-image-16475\" alt=\"\" width=\"29\" height=\"32\" \/><\/a>\r\n<h6>Suivez-nous!<\/h6>\r\n<\/div>\r\n[\/vc_column_text][dt_gap height=\"50\"][\/vc_column][vc_column width=\"1\/3\"][vc_single_image image=\"16103\" img_link_target=\"_self\" img_size=\"full\"][dt_gap height=\"10\"][dt_contact_form fields=\"name,email,telephone,message\" message_height=\"5\" required=\"name,email,company,message\" button_title=\"Envoyer\" button_size=\"medium\"][dt_gap height=\"10\"][dt_gap height=\"50\"][\/vc_column][vc_column width=\"1\/3\"][vc_single_image image=\"16105\" img_link_target=\"_self\" img_size=\"full\"][dt_gap height=\"20\"][vc_column_text]\r\n<p style=\"text-align: justify;\">Soyez assur\u00e9s de recevoir toutes les promotions, les mises \u00e0 jour, les nouveaut\u00e9s et les communications importantes en vous abonnant \u00e0 notre infolettre ici, \u00e0 droite!<\/p>\r\n[\/vc_column_text][dt_gap height=\"10\"][vc_row_inner][vc_column_inner width=\"1\/3\"][\/vc_column_inner][vc_column_inner width=\"1\/3\"][\/vc_column_inner][vc_column_inner width=\"1\/3\"][vc_single_image image=\"14370\" img_link_target=\"_self\" img_size=\"thumbnail\"][\/vc_column_inner][\/vc_row_inner][dt_gap height=\"50\"][\/vc_column][\/vc_row][vc_row][vc_column width=\"1\/1\"][dt_gap height=\"20\"][dt_map height=\"380\" margin_top=\"20\" margin_bottom=\"-46\" fullwidth=\"true\" src=\"https:\/\/maps.google.ca\/maps?q=mascoutech&hl=fr&sll=45.660071,-73.411554&sspn=0.582601,1.429596&hq=mascoutech&t=m&z=10&iwloc=A\"][\/vc_column][\/vc_row]","_et_gb_content_width":"","footnotes":""},"class_list":["post-14999","page","type-page","status-publish","hentry"],"yoast_head":"<!-- This site is optimized with the Yoast SEO plugin v27.4 - https:\/\/yoast.com\/product\/yoast-seo-wordpress\/ -->\n<title>Contact - Mascoutech<\/title>\n<meta name=\"description\" content=\"Contactez-nous ! - Contact us ! - 998 Jean-Neveu, Longueuil, QC J4G 2M1 - 450-442-4232, 1800-442 2535 - ventes@mascoutech.com, sales@mascoutech.com\" \/>\n<meta name=\"robots\" content=\"index, follow, max-snippet:-1, max-image-preview:large, max-video-preview:-1\" \/>\n<link rel=\"canonical\" href=\"https:\/\/www.mascoutech.com\/en\/contact\/\" \/>\n<meta property=\"og:locale\" content=\"en_US\" \/>\n<meta property=\"og:type\" content=\"article\" \/>\n<meta property=\"og:title\" content=\"Contact - Mascoutech\" \/>\n<meta property=\"og:description\" content=\"Contactez-nous ! - Contact us ! - 998 Jean-Neveu, Longueuil, QC J4G 2M1 - 450-442-4232, 1800-442 2535 - ventes@mascoutech.com, sales@mascoutech.com\" \/>\n<meta property=\"og:url\" content=\"https:\/\/www.mascoutech.com\/en\/contact\/\" \/>\n<meta property=\"og:site_name\" content=\"Mascoutech\" \/>\n<meta property=\"article:publisher\" content=\"https:\/\/fr-ca.facebook.com\/Mascoutech-Inc-101171461655\/\" \/>\n<meta property=\"article:modified_time\" content=\"2026-04-20T14:57:31+00:00\" \/>\n<meta name=\"twitter:label1\" content=\"Est. reading time\" \/>\n\t<meta name=\"twitter:data1\" content=\"8 minutes\" \/>\n<script type=\"application\/ld+json\" class=\"yoast-schema-graph\">{\"@context\":\"https:\\\/\\\/schema.org\",\"@graph\":[{\"@type\":\"WebPage\",\"@id\":\"https:\\\/\\\/www.mascoutech.com\\\/en\\\/contact\\\/\",\"url\":\"https:\\\/\\\/www.mascoutech.com\\\/en\\\/contact\\\/\",\"name\":\"Contact - Mascoutech\",\"isPartOf\":{\"@id\":\"https:\\\/\\\/www.mascoutech.com\\\/en\\\/#website\"},\"datePublished\":\"2013-08-08T20:48:16+00:00\",\"dateModified\":\"2026-04-20T14:57:31+00:00\",\"description\":\"Contactez-nous ! - Contact us ! - 998 Jean-Neveu, Longueuil, QC J4G 2M1 - 450-442-4232, 1800-442 2535 - ventes@mascoutech.com, sales@mascoutech.com\",\"breadcrumb\":{\"@id\":\"https:\\\/\\\/www.mascoutech.com\\\/en\\\/contact\\\/#breadcrumb\"},\"inLanguage\":\"en-US\",\"potentialAction\":[{\"@type\":\"ReadAction\",\"target\":[\"https:\\\/\\\/www.mascoutech.com\\\/en\\\/contact\\\/\"]}]},{\"@type\":\"BreadcrumbList\",\"@id\":\"https:\\\/\\\/www.mascoutech.com\\\/en\\\/contact\\\/#breadcrumb\",\"itemListElement\":[{\"@type\":\"ListItem\",\"position\":1,\"name\":\"Accueil\",\"item\":\"https:\\\/\\\/www.mascoutech.com\\\/en\\\/\"},{\"@type\":\"ListItem\",\"position\":2,\"name\":\"Contact\"}]},{\"@type\":\"WebSite\",\"@id\":\"https:\\\/\\\/www.mascoutech.com\\\/en\\\/#website\",\"url\":\"https:\\\/\\\/www.mascoutech.com\\\/en\\\/\",\"name\":\"Mascoutech\",\"description\":\"Tool wholesaler\",\"publisher\":{\"@id\":\"https:\\\/\\\/www.mascoutech.com\\\/en\\\/#organization\"},\"potentialAction\":[{\"@type\":\"SearchAction\",\"target\":{\"@type\":\"EntryPoint\",\"urlTemplate\":\"https:\\\/\\\/www.mascoutech.com\\\/en\\\/?s={search_term_string}\"},\"query-input\":{\"@type\":\"PropertyValueSpecification\",\"valueRequired\":true,\"valueName\":\"search_term_string\"}}],\"inLanguage\":\"en-US\"},{\"@type\":\"Organization\",\"@id\":\"https:\\\/\\\/www.mascoutech.com\\\/en\\\/#organization\",\"name\":\"Mascoutech inc.\",\"url\":\"https:\\\/\\\/www.mascoutech.com\\\/en\\\/\",\"logo\":{\"@type\":\"ImageObject\",\"inLanguage\":\"en-US\",\"@id\":\"https:\\\/\\\/www.mascoutech.com\\\/en\\\/#\\\/schema\\\/logo\\\/image\\\/\",\"url\":\"https:\\\/\\\/i0.wp.com\\\/www.mascoutech.com\\\/wp-content\\\/uploads\\\/2020\\\/01\\\/cropped-icone-du-site.jpg?fit=512%2C512&ssl=1\",\"contentUrl\":\"https:\\\/\\\/i0.wp.com\\\/www.mascoutech.com\\\/wp-content\\\/uploads\\\/2020\\\/01\\\/cropped-icone-du-site.jpg?fit=512%2C512&ssl=1\",\"width\":512,\"height\":512,\"caption\":\"Mascoutech inc.\"},\"image\":{\"@id\":\"https:\\\/\\\/www.mascoutech.com\\\/en\\\/#\\\/schema\\\/logo\\\/image\\\/\"},\"sameAs\":[\"https:\\\/\\\/fr-ca.facebook.com\\\/Mascoutech-Inc-101171461655\\\/\",\"https:\\\/\\\/www.instagram.com\\\/mascoutech\\\/\",\"https:\\\/\\\/www.linkedin.com\\\/company\\\/mascoutech-inc-\",\"https:\\\/\\\/www.youtube.com\\\/channel\\\/UCi9wD4ra5EONlmVkNDKo9Aw\"]}]}<\/script>\n<!-- \/ Yoast SEO plugin. -->","yoast_head_json":{"title":"Contact - Mascoutech","description":"Contactez-nous ! - Contact us ! - 998 Jean-Neveu, Longueuil, QC J4G 2M1 - 450-442-4232, 1800-442 2535 - ventes@mascoutech.com, sales@mascoutech.com","robots":{"index":"index","follow":"follow","max-snippet":"max-snippet:-1","max-image-preview":"max-image-preview:large","max-video-preview":"max-video-preview:-1"},"canonical":"https:\/\/www.mascoutech.com\/en\/contact\/","og_locale":"en_US","og_type":"article","og_title":"Contact - Mascoutech","og_description":"Contactez-nous ! - Contact us ! - 998 Jean-Neveu, Longueuil, QC J4G 2M1 - 450-442-4232, 1800-442 2535 - ventes@mascoutech.com, sales@mascoutech.com","og_url":"https:\/\/www.mascoutech.com\/en\/contact\/","og_site_name":"Mascoutech","article_publisher":"https:\/\/fr-ca.facebook.com\/Mascoutech-Inc-101171461655\/","article_modified_time":"2026-04-20T14:57:31+00:00","twitter_misc":{"Est. reading time":"8 minutes"},"schema":{"@context":"https:\/\/schema.org","@graph":[{"@type":"WebPage","@id":"https:\/\/www.mascoutech.com\/en\/contact\/","url":"https:\/\/www.mascoutech.com\/en\/contact\/","name":"Contact - Mascoutech","isPartOf":{"@id":"https:\/\/www.mascoutech.com\/en\/#website"},"datePublished":"2013-08-08T20:48:16+00:00","dateModified":"2026-04-20T14:57:31+00:00","description":"Contactez-nous ! - Contact us ! - 998 Jean-Neveu, Longueuil, QC J4G 2M1 - 450-442-4232, 1800-442 2535 - ventes@mascoutech.com, sales@mascoutech.com","breadcrumb":{"@id":"https:\/\/www.mascoutech.com\/en\/contact\/#breadcrumb"},"inLanguage":"en-US","potentialAction":[{"@type":"ReadAction","target":["https:\/\/www.mascoutech.com\/en\/contact\/"]}]},{"@type":"BreadcrumbList","@id":"https:\/\/www.mascoutech.com\/en\/contact\/#breadcrumb","itemListElement":[{"@type":"ListItem","position":1,"name":"Accueil","item":"https:\/\/www.mascoutech.com\/en\/"},{"@type":"ListItem","position":2,"name":"Contact"}]},{"@type":"WebSite","@id":"https:\/\/www.mascoutech.com\/en\/#website","url":"https:\/\/www.mascoutech.com\/en\/","name":"Mascoutech","description":"Tool wholesaler","publisher":{"@id":"https:\/\/www.mascoutech.com\/en\/#organization"},"potentialAction":[{"@type":"SearchAction","target":{"@type":"EntryPoint","urlTemplate":"https:\/\/www.mascoutech.com\/en\/?s={search_term_string}"},"query-input":{"@type":"PropertyValueSpecification","valueRequired":true,"valueName":"search_term_string"}}],"inLanguage":"en-US"},{"@type":"Organization","@id":"https:\/\/www.mascoutech.com\/en\/#organization","name":"Mascoutech inc.","url":"https:\/\/www.mascoutech.com\/en\/","logo":{"@type":"ImageObject","inLanguage":"en-US","@id":"https:\/\/www.mascoutech.com\/en\/#\/schema\/logo\/image\/","url":"https:\/\/i0.wp.com\/www.mascoutech.com\/wp-content\/uploads\/2020\/01\/cropped-icone-du-site.jpg?fit=512%2C512&ssl=1","contentUrl":"https:\/\/i0.wp.com\/www.mascoutech.com\/wp-content\/uploads\/2020\/01\/cropped-icone-du-site.jpg?fit=512%2C512&ssl=1","width":512,"height":512,"caption":"Mascoutech inc."},"image":{"@id":"https:\/\/www.mascoutech.com\/en\/#\/schema\/logo\/image\/"},"sameAs":["https:\/\/fr-ca.facebook.com\/Mascoutech-Inc-101171461655\/","https:\/\/www.instagram.com\/mascoutech\/","https:\/\/www.linkedin.com\/company\/mascoutech-inc-","https:\/\/www.youtube.com\/channel\/UCi9wD4ra5EONlmVkNDKo9Aw"]}]}},"_links":{"self":[{"href":"https:\/\/www.mascoutech.com\/en\/wp-json\/wp\/v2\/pages\/14999","targetHints":{"allow":["GET"]}}],"collection":[{"href":"https:\/\/www.mascoutech.com\/en\/wp-json\/wp\/v2\/pages"}],"about":[{"href":"https:\/\/www.mascoutech.com\/en\/wp-json\/wp\/v2\/types\/page"}],"author":[{"embeddable":true,"href":"https:\/\/www.mascoutech.com\/en\/wp-json\/wp\/v2\/users\/2"}],"replies":[{"embeddable":true,"href":"https:\/\/www.mascoutech.com\/en\/wp-json\/wp\/v2\/comments?post=14999"}],"version-history":[{"count":2,"href":"https:\/\/www.mascoutech.com\/en\/wp-json\/wp\/v2\/pages\/14999\/revisions"}],"predecessor-version":[{"id":54179,"href":"https:\/\/www.mascoutech.com\/en\/wp-json\/wp\/v2\/pages\/14999\/revisions\/54179"}],"wp:attachment":[{"href":"https:\/\/www.mascoutech.com\/en\/wp-json\/wp\/v2\/media?parent=14999"}],"curies":[{"name":"wp","href":"https:\/\/api.w.org\/{rel}","templated":true}]}}